{"id":33,"date":"2019-10-21T19:16:38","date_gmt":"2019-10-21T17:16:38","guid":{"rendered":"https:\/\/frutascondiso.es\/es\/?page_id=33"},"modified":"2024-02-14T19:58:49","modified_gmt":"2024-02-14T18:58:49","slug":"calidad","status":"publish","type":"page","link":"https:\/\/frutascondiso.es\/es\/calidad\/","title":{"rendered":"CALIDAD"},"content":{"rendered":"<p>[et_pb_section fb_built=\u00bb1&#8243; fullwidth=\u00bbon\u00bb _builder_version=\u00bb4.16&#8243; global_colors_info=\u00bb{}\u00bb][et_pb_fullwidth_slider _builder_version=\u00bb4.16&#8243; header_level=\u00bbh1&#8243; header_font=\u00bbRaleway|500|||||||\u00bb header_font_size=\u00bb50px\u00bb header_letter_spacing=\u00bb2px\u00bb header_line_height=\u00bb1.5em\u00bb body_font=\u00bbRaleway|500|||||||\u00bb body_font_size=\u00bb25px\u00bb background_enable_image=\u00bboff\u00bb max_width=\u00bb1920px\u00bb max_width_tablet=\u00bb\u00bb max_width_phone=\u00bb\u00bb max_width_last_edited=\u00bbon|desktop\u00bb min_height=\u00bb500px\u00bb min_height_tablet=\u00bb\u00bb min_height_phone=\u00bb\u00bb min_height_last_edited=\u00bbon|desktop\u00bb max_height=\u00bb1080px\u00bb max_height_tablet=\u00bb\u00bb max_height_phone=\u00bb\u00bb max_height_last_edited=\u00bbon|desktop\u00bb auto=\u00bbon\u00bb auto_speed=\u00bb3500&#8243; auto_ignore_hover=\u00bbon\u00bb hover_transition_duration=\u00bb100ms\u00bb hover_transition_speed_curve=\u00bblinear\u00bb header_font_size_tablet=\u00bb\u00bb header_font_size_phone=\u00bb\u00bb header_font_size_last_edited=\u00bbon|desktop\u00bb body_text_shadow_style=\u00bbpreset2&#8243; global_colors_info=\u00bb{}\u00bb][et_pb_slide heading=\u00bbCALIDAD\u00bb use_bg_overlay=\u00bboff\u00bb use_text_overlay=\u00bboff\u00bb _builder_version=\u00bb4.16&#8243; header_level=\u00bbh1&#8243; header_font=\u00bbRaleway|500|||||||\u00bb header_text_align=\u00bbcenter\u00bb header_font_size=\u00bb60px\u00bb header_letter_spacing=\u00bb2px\u00bb header_line_height=\u00bb1.5em\u00bb background_enable_color=\u00bboff\u00bb background_image=\u00bbhttps:\/\/frutascondiso.es\/wp-content\/uploads\/2019\/10\/slider-3.jpg\u00bb background_enable_image=\u00bbon\u00bb header_font_size_tablet=\u00bb\u00bb header_font_size_phone=\u00bb28px\u00bb header_font_size_last_edited=\u00bbon|phone\u00bb header_text_shadow_style=\u00bbpreset5&#8243; text_shadow_style=\u00bbpreset1&#8243; global_colors_info=\u00bb{}\u00bb sticky_transition=\u00bbon\u00bb][\/et_pb_slide][\/et_pb_fullwidth_slider][\/et_pb_section][et_pb_section fb_built=\u00bb1&#8243; _builder_version=\u00bb4.16&#8243; custom_margin=\u00bb15px|0px|0px|0px|false|false\u00bb custom_padding=\u00bb15px|0px|0px|0px|false|false\u00bb global_colors_info=\u00bb{}\u00bb disabled_on=\u00bbon|on|on\u00bb disabled=\u00bbon\u00bb][et_pb_row column_structure=\u00bb1_2,1_2&#8243; _builder_version=\u00bb4.16&#8243; custom_margin=\u00bb0px||0px||false|false\u00bb custom_padding=\u00bb0px||0px||false|false\u00bb animation_style=\u00bbfade\u00bb border_radii=\u00bboff||||\u00bb global_colors_info=\u00bb{}\u00bb][et_pb_column type=\u00bb1_2&#8243; _builder_version=\u00bb4.16&#8243; global_colors_info=\u00bb{}\u00bb][et_pb_image src=\u00bbhttps:\/\/frutascondiso.es\/wp-content\/uploads\/2019\/10\/logo-brc-food.png\u00bb url=\u00bbhttps:\/\/frutascondiso.es\/wp-content\/uploads\/2019\/10\/Certificado-BRC_10-05-20.pdf\u00bb url_new_window=\u00bbon\u00bb align=\u00bbcenter\u00bb _builder_version=\u00bb4.16&#8243; global_colors_info=\u00bb{}\u00bb][\/et_pb_image][\/et_pb_column][et_pb_column type=\u00bb1_2&#8243; _builder_version=\u00bb4.16&#8243; global_colors_info=\u00bb{}\u00bb][et_pb_image src=\u00bbhttps:\/\/frutascondiso.es\/wp-content\/uploads\/2019\/10\/logo-ifs.png\u00bb url=\u00bbhttps:\/\/frutascondiso.es\/wp-content\/uploads\/2019\/10\/Certificado-IFS-FOOD_22-05-20.pdf\u00bb align=\u00bbcenter\u00bb _builder_version=\u00bb4.16&#8243; global_colors_info=\u00bb{}\u00bb][\/et_pb_image][\/et_pb_column][\/et_pb_row][\/et_pb_section][et_pb_section fb_built=\u00bb1&#8243; _builder_version=\u00bb4.16&#8243; global_colors_info=\u00bb{}\u00bb][et_pb_row _builder_version=\u00bb4.16&#8243; global_colors_info=\u00bb{}\u00bb][et_pb_column type=\u00bb4_4&#8243; _builder_version=\u00bb4.16&#8243; global_colors_info=\u00bb{}\u00bb][et_pb_text _builder_version=\u00bb4.16&#8243; text_font=\u00bbRaleway|500|||||||\u00bb text_text_color=\u00bbrgba(11,56,0,0.78)\u00bb text_font_size=\u00bb42px\u00bb text_letter_spacing=\u00bb1px\u00bb text_line_height=\u00bb1.8em\u00bb text_orientation=\u00bbcenter\u00bb text_font_size_tablet=\u00bb\u00bb text_font_size_phone=\u00bb28px\u00bb text_font_size_last_edited=\u00bbon|phone\u00bb text_text_align=\u00bbcenter\u00bb global_colors_info=\u00bb{}\u00bb]<\/p>\n<p style=\"text-align: center;\"><strong>El compromiso<\/strong> con la calidad es para nosotros una constante desde el inicio.<\/p>\n<p>[\/et_pb_text][\/et_pb_column][\/et_pb_row][\/et_pb_section][et_pb_section fb_built=\u00bb1&#8243; fullwidth=\u00bbon\u00bb _builder_version=\u00bb4.16&#8243; global_colors_info=\u00bb{}\u00bb][et_pb_fullwidth_slider _builder_version=\u00bb4.16&#8243; header_font=\u00bbRaleway|500|||||||\u00bb body_font=\u00bbRaleway|500|||||||\u00bb body_font_size=\u00bb25px\u00bb background_enable_image=\u00bboff\u00bb max_width=\u00bb1920px\u00bb max_width_tablet=\u00bb\u00bb max_width_phone=\u00bb\u00bb max_width_last_edited=\u00bbon|desktop\u00bb min_height=\u00bb500px\u00bb min_height_tablet=\u00bb\u00bb min_height_phone=\u00bb\u00bb min_height_last_edited=\u00bbon|desktop\u00bb max_height=\u00bb1080px\u00bb max_height_tablet=\u00bb\u00bb max_height_phone=\u00bb\u00bb max_height_last_edited=\u00bbon|desktop\u00bb auto=\u00bbon\u00bb auto_speed=\u00bb3500&#8243; auto_ignore_hover=\u00bbon\u00bb hover_transition_duration=\u00bb100ms\u00bb hover_transition_speed_curve=\u00bblinear\u00bb header_font_size_tablet=\u00bb\u00bb header_font_size_phone=\u00bb42px\u00bb header_font_size_last_edited=\u00bbon|phone\u00bb body_text_shadow_style=\u00bbpreset2&#8243; global_colors_info=\u00bb{}\u00bb][et_pb_slide heading=\u00bbTRADICI\u00d3N\u00bb use_bg_overlay=\u00bboff\u00bb use_text_overlay=\u00bboff\u00bb _builder_version=\u00bb4.16&#8243; header_level=\u00bbh2&#8243; header_font=\u00bbRaleway|500|||||||\u00bb header_text_align=\u00bbcenter\u00bb header_font_size=\u00bb60px\u00bb header_letter_spacing=\u00bb2px\u00bb header_line_height=\u00bb1.5em\u00bb background_enable_color=\u00bboff\u00bb background_image=\u00bbhttps:\/\/frutascondiso.es\/wp-content\/uploads\/2019\/10\/tradicion-frutas-condiso-calidad.jpg\u00bb background_enable_image=\u00bbon\u00bb header_font_size_tablet=\u00bb\u00bb header_font_size_phone=\u00bb28px\u00bb header_font_size_last_edited=\u00bbon|desktop\u00bb header_text_shadow_style=\u00bbpreset5&#8243; header_text_shadow_horizontal_length=\u00bb0.1em\u00bb header_text_shadow_vertical_length=\u00bb0.1em\u00bb text_shadow_style=\u00bbpreset1&#8243; global_colors_info=\u00bb{}\u00bb sticky_transition=\u00bbon\u00bb][\/et_pb_slide][\/et_pb_fullwidth_slider][\/et_pb_section][et_pb_section fb_built=\u00bb1&#8243; _builder_version=\u00bb4.16&#8243; global_colors_info=\u00bb{}\u00bb][et_pb_row _builder_version=\u00bb4.16&#8243; global_colors_info=\u00bb{}\u00bb][et_pb_column type=\u00bb4_4&#8243; _builder_version=\u00bb4.16&#8243; global_colors_info=\u00bb{}\u00bb][et_pb_text _builder_version=\u00bb4.16&#8243; text_font=\u00bbRaleway|500|||||||\u00bb text_text_color=\u00bbrgba(11,56,0,0.78)\u00bb text_font_size=\u00bb42px\u00bb text_letter_spacing=\u00bb2px\u00bb text_line_height=\u00bb1.8em\u00bb text_orientation=\u00bbcenter\u00bb text_font_size_tablet=\u00bb\u00bb text_font_size_phone=\u00bb28px\u00bb text_font_size_last_edited=\u00bbon|phone\u00bb text_text_align=\u00bbcenter\u00bb global_colors_info=\u00bb{}\u00bb text_font_size__hover_enabled=\u00bboff|desktop\u00bb]<\/p>\n<p>Frutas Condiso ha marcado una trayectoria de distinci\u00f3n dentro del sector de los c\u00edtricos, siendo siempre sin\u00f3nimo de confianza para sus clientes.<\/p>\n<p>[\/et_pb_text][\/et_pb_column][\/et_pb_row][\/et_pb_section]<\/p>\n","protected":false},"excerpt":{"rendered":"<p>El compromiso con la calidad es para nosotros una constante desde el inicio.Frutas Condiso ha marcado una trayectoria de distinci\u00f3n dentro del sector de los c\u00edtricos, siendo siempre sin\u00f3nimo de confianza para sus clientes.<\/p>\n","protected":false},"author":1,"featured_media":0,"parent":0,"menu_order":0,"comment_status":"closed","ping_status":"closed","template":"","meta":{"_et_pb_use_builder":"on","_et_pb_old_content":"","_et_gb_content_width":""},"_links":{"self":[{"href":"https:\/\/frutascondiso.es\/es\/wp-json\/wp\/v2\/pages\/33"}],"collection":[{"href":"https:\/\/frutascondiso.es\/es\/wp-json\/wp\/v2\/pages"}],"about":[{"href":"https:\/\/frutascondiso.es\/es\/wp-json\/wp\/v2\/types\/page"}],"author":[{"embeddable":true,"href":"https:\/\/frutascondiso.es\/es\/wp-json\/wp\/v2\/users\/1"}],"replies":[{"embeddable":true,"href":"https:\/\/frutascondiso.es\/es\/wp-json\/wp\/v2\/comments?post=33"}],"version-history":[{"count":3,"href":"https:\/\/frutascondiso.es\/es\/wp-json\/wp\/v2\/pages\/33\/revisions"}],"predecessor-version":[{"id":159,"href":"https:\/\/frutascondiso.es\/es\/wp-json\/wp\/v2\/pages\/33\/revisions\/159"}],"wp:attachment":[{"href":"https:\/\/frutascondiso.es\/es\/wp-json\/wp\/v2\/media?parent=33"}],"curies":[{"name":"wp","href":"https:\/\/api.w.org\/{rel}","templated":true}]}}