{"id":39,"date":"2019-10-21T19:17:13","date_gmt":"2019-10-21T17:17:13","guid":{"rendered":"https:\/\/frutascondiso.es\/es\/?page_id=39"},"modified":"2019-10-21T19:17:14","modified_gmt":"2019-10-21T17:17:14","slug":"politica-de-privacidad","status":"publish","type":"page","link":"https:\/\/frutascondiso.es\/es\/politica-de-privacidad\/","title":{"rendered":"Politica de Privacidad"},"content":{"rendered":"<p>[et_pb_section fb_built=\u00bb1&#8243; _builder_version=\u00bb3.29.3&#8243;][et_pb_row _builder_version=\u00bb3.29.3&#8243;][et_pb_column _builder_version=\u00bb3.29.3&#8243; type=\u00bb4_4&#8243;][et_pb_text _builder_version=\u00bb3.29.3&#8243; hover_enabled=\u00bb0&#8243;]<\/p>\n<h1 style=\"text-align: center;\"><span style=\"font-weight: 400;\">POL\u00cdTICA DE PRIVACIDAD<\/span><\/h1>\n<p><span style=\"font-weight: 400;\">FRUTAS CONDISO SL\u00a0<\/span><span style=\"font-weight: 400;\">con <\/span><span style=\"font-weight: 400;\">B-30555437<\/span><span style=\"font-weight: 400;\">\u00a0y con domicilio social en <\/span><span style=\"font-weight: 400;\">Camino del Reguer\u00f3n s\/n 30580 Alquer\u00edas (Murcia)<\/span><span style=\"font-weight: 400;\">. Es titular del website <\/span><a href=\"https:\/\/frutascondiso.es\"><span style=\"font-weight: 400;\">https:\/\/frutascondiso.es<\/span><\/a><span style=\"font-weight: 400;\"> (en adelante el \u201cWebsite\u201d).<\/span><\/p>\n<p><span style=\"font-weight: 400;\"><span>FRUTAS CONDISO SL<\/span> le garantiza la protecci\u00f3n de todos los datos de car\u00e1cter personal que proporcione el Usuario en el Website y, en cumplimiento de lo dispuesto en la Ley Org\u00e1nica 15\/1999, de 13 de diciembre de Protecci\u00f3n de Datos de Car\u00e1cter Personal, en el RD 1720\/2007 de 21 de diciembre y restante normativa de aplicaci\u00f3n, le informa que:<\/span><\/p>\n<ol>\n<li><span style=\"font-weight: 400;\">a) Todos los datos de car\u00e1cter personal facilitados a <span>FRUTAS CONDISO SL<\/span><\/span><span style=\"font-weight: 400;\">\u00a0ser\u00e1n tratados por \u00e9sta de acuerdo con la Ley Org\u00e1nica 15\/1999 de 13 de diciembre de Protecci\u00f3n de Datos de Car\u00e1cter Personal y el RD 1720\/2007 de 21 de diciembre y quedar\u00e1n incorporados en el fichero USUARIOS DE LA PAGINA WEB, creado y mantenido bajo la responsabilidad <span>FRUTAS CONDISO SL<\/span><\/span><span style=\"font-weight: 400;\">, el cual ha sido debidamente registrado en la Agencia Espa\u00f1ola de Protecci\u00f3n de Datos.<\/span><\/li>\n<li><span style=\"font-weight: 400;\">b) Los datos son recabados con las siguientes finalidades: (i) gesti\u00f3n, estudio y resoluci\u00f3n de consultas y (ii) env\u00edo de publicidad y prospecci\u00f3n comercial por medios electr\u00f3nicos, acerca de la empresa, sus actividades, productos y servicios, as\u00ed como documentaci\u00f3n de diversa naturaleza. Si Ud. autoriza el tratamiento de sus datos de car\u00e1cter personal con esta \u00faltima finalidad por favor marque la siguiente casilla ( ).<\/span><\/li>\n<li><span style=\"font-weight: 400;\">c) En la recogida y el tratamiento de los datos de car\u00e1cter personal se han adoptado las medidas de seguridad adecuadas para evitar la p\u00e9rdida, el acceso no autorizado o la manipulaci\u00f3n de los mismos, de acuerdo con lo establecido en el Real Decreto 1720\/2007, de 21 de diciembre.<\/span><\/li>\n<li><span style=\"font-weight: 400;\">d) <span>FRUTAS CONDISO SL\u00a0<\/span><\/span><span style=\"font-weight: 400;\">se compromete a proteger la informaci\u00f3n confidencial a la que tenga acceso.<\/span><\/li>\n<li><span style=\"font-weight: 400;\">e) <span>FRUTAS CONDISO SL<\/span><\/span><span style=\"font-weight: 400;\">\u00a0no emplear\u00e1 en ning\u00fan caso los datos de car\u00e1cter personal que usted ponga a su disposici\u00f3n para prestar servicios a terceros distintos a los referidos en el apartado b) del presente documento o, en su caso, para lograr una utilidad propia.<\/span><\/li>\n<li><span style=\"font-weight: 400;\">f) El Usuario certifica que es mayor de 14 a\u00f1os y que por lo tanto posee la capacidad legal necesaria para la prestaci\u00f3n del consentimiento en cuanto al tratamiento de sus datos de car\u00e1cter personal y todo ello, de conformidad con lo establecido en la presente Pol\u00edtica de Privacidad.<\/span><\/li>\n<li><span style=\"font-weight: 400;\">g) El Usuario puede, en todo momento, ejercitar los derechos de acceso, rectificaci\u00f3n, cancelaci\u00f3n y oposici\u00f3n sobre sus datos personales as\u00ed como el de revocaci\u00f3n del consentimiento para cualquier de las finalidades antes se\u00f1aladas, enviando a <span>FRUTAS CONDISO SL<\/span><\/span><span style=\"font-weight: 400;\">\u00a0correo electr\u00f3nico a <\/span><a href=\"mailto:info@frutascondiso.es\" target=\"_blank\" rel=\"noopener noreferrer\" title=\"info@frutascondiso.es\"><span style=\"font-weight: 400;\">info@frutascondiso.es<\/span><\/a><span style=\"font-weight: 400;\"> donde consten claramente los datos de contacto, a la cual deber\u00e1 acompa\u00f1arse copia de su DNI\/NIF o documento que acredite su identidad.<\/span><\/li>\n<li><span style=\"font-weight: 400;\">h) El Usuario autoriza al tratamiento automatizado de los datos personales suministrados en los t\u00e9rminos indicados. Para ello pulse el bot\u00f3n \u201cENVIAR\u201d que se encuentra tras el formulario de recogida de datos.<\/span><\/li>\n<\/ol>\n<p>&nbsp;<\/p>\n<p>[\/et_pb_text][\/et_pb_column][\/et_pb_row][\/et_pb_section]<\/p>\n","protected":false},"excerpt":{"rendered":"<p>POL\u00cdTICA DE PRIVACIDAD FRUTAS CONDISO SL\u00a0con B-30555437\u00a0y con domicilio social en Camino del Reguer\u00f3n s\/n 30580 Alquer\u00edas (Murcia). Es titular del website https:\/\/frutascondiso.es (en adelante el \u201cWebsite\u201d). FRUTAS CONDISO SL le garantiza la protecci\u00f3n de todos los datos de car\u00e1cter personal que proporcione el Usuario en el Website y, en cumplimiento de lo dispuesto en [&hellip;]<\/p>\n","protected":false},"author":1,"featured_media":0,"parent":0,"menu_order":0,"comment_status":"closed","ping_status":"closed","template":"","meta":{"_et_pb_use_builder":"on","_et_pb_old_content":"","_et_gb_content_width":""},"_links":{"self":[{"href":"https:\/\/frutascondiso.es\/es\/wp-json\/wp\/v2\/pages\/39"}],"collection":[{"href":"https:\/\/frutascondiso.es\/es\/wp-json\/wp\/v2\/pages"}],"about":[{"href":"https:\/\/frutascondiso.es\/es\/wp-json\/wp\/v2\/types\/page"}],"author":[{"embeddable":true,"href":"https:\/\/frutascondiso.es\/es\/wp-json\/wp\/v2\/users\/1"}],"replies":[{"embeddable":true,"href":"https:\/\/frutascondiso.es\/es\/wp-json\/wp\/v2\/comments?post=39"}],"version-history":[{"count":1,"href":"https:\/\/frutascondiso.es\/es\/wp-json\/wp\/v2\/pages\/39\/revisions"}],"predecessor-version":[{"id":40,"href":"https:\/\/frutascondiso.es\/es\/wp-json\/wp\/v2\/pages\/39\/revisions\/40"}],"wp:attachment":[{"href":"https:\/\/frutascondiso.es\/es\/wp-json\/wp\/v2\/media?parent=39"}],"curies":[{"name":"wp","href":"https:\/\/api.w.org\/{rel}","templated":true}]}}