{"id":41,"date":"2019-10-21T19:17:24","date_gmt":"2019-10-21T17:17:24","guid":{"rendered":"https:\/\/frutascondiso.es\/es\/?page_id=41"},"modified":"2019-10-21T19:17:25","modified_gmt":"2019-10-21T17:17:25","slug":"politica-de-cookies","status":"publish","type":"page","link":"https:\/\/frutascondiso.es\/es\/politica-de-cookies\/","title":{"rendered":"Politica de Cookies"},"content":{"rendered":"<p>[et_pb_section fb_built=\u00bb1&#8243; _builder_version=\u00bb3.29.3&#8243;][et_pb_row _builder_version=\u00bb3.29.3&#8243;][et_pb_column _builder_version=\u00bb3.29.3&#8243; type=\u00bb4_4&#8243;][et_pb_text _builder_version=\u00bb3.29.3&#8243; hover_enabled=\u00bb0&#8243;]<\/p>\n<h1 style=\"text-align: center;\"><span style=\"font-weight: 400;\">POL\u00cdTICA DE COOKIES<\/span><\/h1>\n<p><span style=\"font-weight: 400;\">Uso de cookies en las webs y aplicaciones de <\/span><span style=\"font-weight: 400;\">FRUTAS CONDISO SL.<\/span><\/p>\n<p><span style=\"font-weight: 400;\">En cumplimiento de la Ley 34\/2002, de 11 de julio, de Servicios de la Sociedad de la Informaci\u00f3n y Comercio Electr\u00f3nico le informamos de la utilizaci\u00f3n de cookies en la web con el fin de facilitar y mejorar la navegaci\u00f3n a los usuarios, recordando por donde naveg\u00f3 en el sitio web, su nombre de usuario al registrarse, las preferencias y configuraciones de visualizaci\u00f3n, y ofreciendo a cada usuario informaci\u00f3n que puede ser de su inter\u00e9s.<\/span><\/p>\n<p><span style=\"font-weight: 400;\">\u00bfQu\u00e9 son las cookies?<\/span><\/p>\n<p><span style=\"font-weight: 400;\">Una cookie es un fichero que se descarga en su ordenador o el dispositivo que utilice (Smartphone, tableta, televisi\u00f3n conectada\u2026.) al acceder a determinadas p\u00e1ginas web o aplicaciones. Las cookies permiten, entre otras cosas, recopilar informaci\u00f3n estad\u00edstica, facilitar ciertas funcionalidades t\u00e9cnicas, almacenar y recuperar informaci\u00f3n sobre los h\u00e1bitos de navegaci\u00f3n o preferencias de un usuario o de su equipo y, dependiendo de la informaci\u00f3n que contengan y de la forma en que utilice su equipo, pueden utilizarse para reconocer al usuario.<\/span><\/p>\n<p><span style=\"font-weight: 400;\">Una cookie se almacena en un ordenador con el fin de identificar al navegador mientras interacciona con nuestras webs o aplicaciones. Un sitio web puede establecer una cookie en el navegador si las preferencias de \u00e9ste lo permiten. Un navegador s\u00f3lo permite que un sitio web acceda a las cookies que \u00e9ste establece, no a las que establecen otros sitios Web. En las web se utilizan cookies de terceros, que permiten recoger datos an\u00f3nimos estad\u00edsticos sobre las visitas recibidas con el fin de realizar un seguimiento de las campa\u00f1as publicitarias que pudieran estar vigentes en el momento de la visita.<\/span><\/p>\n<p><span style=\"font-weight: 400;\">\u00bfPor qu\u00e9 las cookies son importantes?<\/span><\/p>\n<p><span>FRUTAS CONDISO SL\u00a0<\/span><span style=\"font-weight: 400;\">utiliza estas cookies por a)motivos operativos: Equilibrado y limitaci\u00f3n del tr\u00e1fico como m\u00e9todo de aseguramiento del servicio; b) por facilidad de uso: Hacer m\u00e1s f\u00e1cil y amigable la navegaci\u00f3n en las webs y aplicaciones, por ejemplo, recordar aspectos del usuario como su idioma, pa\u00eds, navegador, etc\u2026 Determinadas cookies son fundamentales para que pueda utilizar servicios de la<\/span><\/p>\n<p><span style=\"font-weight: 400;\">web.<\/span><\/p>\n<p><span style=\"font-weight: 400;\"><span>FRUTAS CONDISO SL<\/span> en ning\u00fan caso realiza registro de las actividades que el usuario lleva a cabo en la red ni elabora perfiles de \u00e9ste.<\/span><\/p>\n<p><span style=\"font-weight: 400;\">Tipos de cookies utilizadas por <span>FRUTAS CONDISO SL.<\/span><\/span><\/p>\n<p><span style=\"font-weight: 400;\">Cookies T\u00e9cnicas: para ayudar a mejorar la calidad de nuestro servicio, incluyendo almacenar preferencias del usuario, mejorando la selecci\u00f3n de b\u00fasquedas que se presenta, los resultados de b\u00fasqueda, as\u00ed como rastrear<\/span><\/p>\n<p><span style=\"font-weight: 400;\">tendencias de usuario. Tambi\u00e9n se utilizan cookies en soportes publicitarios para ayudar a anunciantes a gestionar su publicidad a trav\u00e9s de la web.<\/span><\/p>\n<p><span style=\"font-weight: 400;\">Cookies estad\u00edsticas :recogen informaci\u00f3n sobre fecha de visita, la URL y el t\u00edtulo de la p\u00e1gina web visitada. Los informes generados con esta informaci\u00f3n ser\u00e1n meramente estad\u00edsticos dando informaci\u00f3n sobre el comportamiento de navegaci\u00f3n de forma an\u00f3nima.<\/span><\/p>\n<p><span style=\"font-weight: 400;\">Cookies de sesi\u00f3n: guardan informaci\u00f3n del tipo de usuario en la web<\/span><\/p>\n<p><span style=\"font-weight: 400;\"><a href=\"https:\/\/frutascondiso.es\">https:\/\/frutascondiso.es<\/a>, guardando el nick de usuario para evitar introducirlo p\u00e1gina a p\u00e1gina, tambi\u00e9n se guarda informaci\u00f3n encriptada e informaci\u00f3n sobre los favoritos del usuario.<\/span><\/p>\n<p><span style=\"font-weight: 400;\">Cookies Anal\u00edticas: son utilizadas para realizar el seguimiento sobre el motor de b\u00fasqueda desde el que se ha visitado la web y qu\u00e9 t\u00e9rminos de b\u00fasqueda se utilizaron para encontrarlo, calculan el tiempo pasado en la web en cada sesi\u00f3n y el n\u00famero de veces que el usuario ha visitado la p\u00e1gina. En funci\u00f3n de la entidad que gestiona las cookies, \u00e9stas pueden ser propias (gestionadas por (<span>FRUTAS CONDISO SL<\/span><\/span><span style=\"font-weight: 400;\">) o de terceros prestadores de servicios t\u00e9cnicos, de an\u00e1lisis o estad\u00edsticos cuya finalidad es la provisi\u00f3n de publicidad en nuestras webs y aplicaciones, ayudar a los anunciantes a gestionar su publicidad a trav\u00e9s de la web, o mejorar sus servicios, como por ejemplo los enlaces a las redes sociales que permiten compartir nuestros contenidos.<\/span><\/p>\n<p><span style=\"font-weight: 400;\">A continuaci\u00f3n, se detallan aquellos terceros con los que www.frutasdelibrilla.com tiene acuerdos para la gesti\u00f3n de los servicios de publicidad y que administran cookies a trav\u00e9s de nuestras webs, as\u00ed como su finalidad.<\/span><\/p>\n<p><span style=\"font-weight: 400;\">Estas compa\u00f1\u00edas tienen sus propias pol\u00edticas de privacidad, que se pueden consultar en los siguientes enlaces:<\/span><\/p>\n<p><span style=\"font-weight: 400;\">Google -https:\/\/www.google.com \/intl\/es_es\/policies\/privacy -Gesti\u00f3n Publicitaria, t\u00e9cnica y estad\u00edstica<\/span><\/p>\n<p><span style=\"font-weight: 400;\">Adobe Analytics -http:\/\/www.adobe.com\/es\/solutions\/digital-analytics.html \u2013<\/span><\/p>\n<p><span style=\"font-weight: 400;\">Estad\u00edstica<\/span><\/p>\n<p><span style=\"font-weight: 400;\">Tipos de cookies por vencimiento<\/span><\/p>\n<p><span style=\"font-weight: 400;\">Las Cookies utilizadas en <span>FRUTAS CONDISO SL.<\/span><\/span><\/p>\n<p><span style=\"font-weight: 400;\">pueden tener los siguientes tipos de vencimientos:<\/span><\/p>\n<ol>\n<li><span style=\"font-weight: 400;\"> De sesi\u00f3n: Con vencimiento una vez que el usuario sale de la sesi\u00f3n.<\/span><\/li>\n<li><span style=\"font-weight: 400;\"> De Servicio Relacionadas con alg\u00fan servicio personalizado dentro del sitio, con vencimiento inferior a veinticuatro horas (24h).<\/span><\/li>\n<li><span style=\"font-weight: 400;\"> Persistentes: quedan permanentemente instaladas en tu navegador y son activadas cada vez que visitas el sitio, siempre y cuando no se desactive su uso.<\/span><\/li>\n<\/ol>\n<p><span style=\"font-weight: 400;\">Configuraci\u00f3n de cookies y revocaci\u00f3n del consentimiento<\/span><\/p>\n<p><span style=\"font-weight: 400;\">Usted puede gestionar las cookies a trav\u00e9s de la configuraci\u00f3n de su navegador o dispositivo, en el caso de que decida bloquearlas, es posible que ciertos servicios que necesitan su uso no est\u00e9n disponibles para usted.<\/span><\/p>\n<p><span style=\"font-weight: 400;\">Puede llevar a cabo la gesti\u00f3n de las cookies en las siguientes ubicaciones de los navegadores m\u00e1s populares:<\/span><\/p>\n<ul>\n<li><span style=\"font-weight: 400;\">Internet Explorer: Herramientas -&gt; Opciones de Internet -&gt; Privacidad -&gt;Configuraci\u00f3n.<\/span><\/li>\n<\/ul>\n<p><span style=\"font-weight: 400;\">Para m\u00e1s informaci\u00f3n, puede consultar el soporte de Microsoft o la Ayuda del navegador.<\/span><\/p>\n<ul>\n<li><span style=\"font-weight: 400;\">Firefox: Herramientas -&gt; Opciones -&gt; Privacidad -&gt; Historial &gt;Configuraci\u00f3n<\/span><\/li>\n<\/ul>\n<p><span style=\"font-weight: 400;\">Personalizada.<\/span><\/p>\n<p><span style=\"font-weight: 400;\">Para m\u00e1s informaci\u00f3n, puede consultar el soporte de Mozilla o la Ayuda del<\/span><\/p>\n<p><span style=\"font-weight: 400;\">navegador.<\/span><\/p>\n<ul>\n<li><span style=\"font-weight: 400;\">Chrome: Configuraci\u00f3n -&gt; Mostrar opciones avanzadas -&gt; Privacidad \u2013<\/span><\/li>\n<\/ul>\n<p><span style=\"font-weight: 400;\">&gt;Configuraci\u00f3n de contenido.<\/span><\/p>\n<p><span style=\"font-weight: 400;\">Para m\u00e1s informaci\u00f3n, puede consultar el soporte de Google o la Ayuda del<\/span><\/p>\n<p><span style=\"font-weight: 400;\">navegador.<\/span><\/p>\n<ul>\n<li><span style=\"font-weight: 400;\">Safari: Preferencias -&gt; Seguridad.<\/span><\/li>\n<\/ul>\n<p><span style=\"font-weight: 400;\">Para m\u00e1s informaci\u00f3n, puede consultar el soporte de Apple o la Ayuda del<\/span><\/p>\n<p><span style=\"font-weight: 400;\">navegador.<\/span><\/p>\n<p><span style=\"font-weight: 400;\">A continuaci\u00f3n le ofrecemos enlaces en los que encontrar\u00e1 informaci\u00f3n sobre c\u00f3mo puede activar sus preferencias en los principales navegadores:<\/span><\/p>\n<p><span style=\"font-weight: 400;\">Google Chrome<\/span><\/p>\n<p><span style=\"font-weight: 400;\">Mozilla Firefox<\/span><\/p>\n<p><span style=\"font-weight: 400;\">Internet Explorer<\/span><\/p>\n<p><span style=\"font-weight: 400;\">Versi\u00f3n 5<\/span><\/p>\n<p><span style=\"font-weight: 400;\">Versi\u00f3n 6<\/span><\/p>\n<p><span style=\"font-weight: 400;\">Versi\u00f3n 7 y 8<\/span><\/p>\n<p><span style=\"font-weight: 400;\">Versi\u00f3n 9<\/span><\/p>\n<p><span style=\"font-weight: 400;\">Safari<\/span><\/p>\n<p><span style=\"font-weight: 400;\">Safari para IOS (iPhone, iPad)<\/span><\/p>\n<p><span style=\"font-weight: 400;\">Cookies Flash<\/span><\/p>\n<p><span style=\"font-weight: 400;\">Opera<\/span><\/p>\n<p><span style=\"font-weight: 400;\">Android<\/span><\/p>\n<p><span style=\"font-weight: 400;\">Windows Phone<\/span><\/p>\n<p><span style=\"font-weight: 400;\">Blackberry<\/span><\/p>\n<p><span style=\"font-weight: 400;\">Finalmente, puede usted dirigirse al portal Your Online Choices d\u00f3nde adem\u00e1s de encontrar informaci\u00f3n \u00fatil, podr\u00e1 configurar, proveedor por proveedor, sus preferencias sobre las cookies publicitarias de terceros.<\/span><\/p>\n<p><span style=\"font-weight: 400;\">Aceptaci\u00f3n de cookies<\/span><\/p>\n<p><span style=\"font-weight: 400;\">Si usted contin\u00faa su navegaci\u00f3n una vez informado sobre la Pol\u00edtica de Cookies, entenderemos que acepta la utilizaci\u00f3n de las cookies por parte de la web y aplicaciones. Sin embargo, si usted quiere, puede cambiar la configuraci\u00f3n de cookies en cualquier momento, configurando su navegador para aceptar, o no, las cookies que recibe o para que el navegador le avise cuando un servidor quiera guardar una cookie. Le informamos que en el caso de bloquear o no aceptar la instalaci\u00f3n de cookies, es posible que ciertos servicios no est\u00e9n disponibles sin la utilizaci\u00f3n de \u00e9stas o que no pueda acceder a determinados servicios ni tampoco aprovechar por completo todo lo que nuestras webs y aplicaciones le ofrecen.<\/span><\/p>\n<p><span style=\"font-weight: 400;\">Adem\u00e1s del uso de cookies propias de, <span>FRUTAS CONDISO SL<\/span><\/span><span style=\"font-weight: 400;\">\u00a0permitimos a terceros establecer cookies y acceder a ellas en su ordenador. El consentimiento del uso de las cookies de estas empresas est\u00e1 ligado a la navegaci\u00f3n por este sitio.<\/span><\/p>\n<p><span style=\"font-weight: 400;\"><span>FRUTAS CONDISO SL<\/span> le agradece que consienta la aceptaci\u00f3n de cookies, esto nos ayuda a obtener datos m\u00e1s precisos que nos permiten mejorar el contenido y el dise\u00f1o de nuestras p\u00e1ginas webs y aplicaciones para adaptarlas a sus preferencias.<\/span><\/p>\n<p><span style=\"font-weight: 400;\">En caso de que <span>FRUTAS CONDISO SL<\/span><\/span><span style=\"font-weight: 400;\">\u00a0prestara alg\u00fan tipo de servicio especial en el que determine unas previsiones espec\u00edficas diferentes a \u00e9stas en lo relativo a la protecci\u00f3n de datos personales y la utilizaci\u00f3n de cookies, prevalecer\u00e1n las normas particulares indicadas para ese servicio en particular sobre las presentes.<\/span><\/p>\n<p><span style=\"font-weight: 400;\">Al acceder a este sitio web o aplicaci\u00f3n por primera vez, ver\u00e1 una ventana donde se le informa de la utilizaci\u00f3n de las cookies y donde puede consultar esta \u201cPol\u00edtica de cookies\u201d. Si usted consiente la utilizaci\u00f3n de cookies, contin\u00faa navegando o hace clic en alg\u00fan link se entender\u00e1 que usted ha consentido nuestra pol\u00edtica de cookies y por tanto la instalaci\u00f3n de las mismas en su equipo o dispositivo.<\/span><\/p>\n<p>&nbsp;<\/p>\n<p>[\/et_pb_text][\/et_pb_column][\/et_pb_row][\/et_pb_section]<\/p>\n","protected":false},"excerpt":{"rendered":"<p>POL\u00cdTICA DE COOKIES Uso de cookies en las webs y aplicaciones de FRUTAS CONDISO SL. En cumplimiento de la Ley 34\/2002, de 11 de julio, de Servicios de la Sociedad de la Informaci\u00f3n y Comercio Electr\u00f3nico le informamos de la utilizaci\u00f3n de cookies en la web con el fin de facilitar y mejorar la navegaci\u00f3n [&hellip;]<\/p>\n","protected":false},"author":1,"featured_media":0,"parent":0,"menu_order":0,"comment_status":"closed","ping_status":"closed","template":"","meta":{"_et_pb_use_builder":"on","_et_pb_old_content":"","_et_gb_content_width":""},"_links":{"self":[{"href":"https:\/\/frutascondiso.es\/es\/wp-json\/wp\/v2\/pages\/41"}],"collection":[{"href":"https:\/\/frutascondiso.es\/es\/wp-json\/wp\/v2\/pages"}],"about":[{"href":"https:\/\/frutascondiso.es\/es\/wp-json\/wp\/v2\/types\/page"}],"author":[{"embeddable":true,"href":"https:\/\/frutascondiso.es\/es\/wp-json\/wp\/v2\/users\/1"}],"replies":[{"embeddable":true,"href":"https:\/\/frutascondiso.es\/es\/wp-json\/wp\/v2\/comments?post=41"}],"version-history":[{"count":1,"href":"https:\/\/frutascondiso.es\/es\/wp-json\/wp\/v2\/pages\/41\/revisions"}],"predecessor-version":[{"id":42,"href":"https:\/\/frutascondiso.es\/es\/wp-json\/wp\/v2\/pages\/41\/revisions\/42"}],"wp:attachment":[{"href":"https:\/\/frutascondiso.es\/es\/wp-json\/wp\/v2\/media?parent=41"}],"curies":[{"name":"wp","href":"https:\/\/api.w.org\/{rel}","templated":true}]}}