{"id":10,"date":"2019-10-16T20:59:05","date_gmt":"2019-10-16T18:59:05","guid":{"rendered":"https:\/\/frutascondiso.es\/fr\/?page_id=10"},"modified":"2024-02-14T20:01:02","modified_gmt":"2024-02-14T19:01:02","slug":"entreprise","status":"publish","type":"page","link":"https:\/\/frutascondiso.es\/fr\/entreprise\/","title":{"rendered":"L&#8217;ENTREPRISE"},"content":{"rendered":"<p>[et_pb_section fb_built=\u00bb1&#8243; fullwidth=\u00bbon\u00bb _builder_version=\u00bb4.16&#8243; global_colors_info=\u00bb{}\u00bb][et_pb_fullwidth_slider _builder_version=\u00bb4.16&#8243; header_level=\u00bbh1&#8243; header_font=\u00bbRaleway|500|||||||\u00bb header_font_size=\u00bb50px\u00bb header_letter_spacing=\u00bb2px\u00bb header_line_height=\u00bb1.5em\u00bb max_width=\u00bb1920px\u00bb max_width_tablet=\u00bb\u00bb max_width_phone=\u00bb\u00bb max_width_last_edited=\u00bbon|desktop\u00bb module_alignment=\u00bbcenter\u00bb min_height=\u00bb608px\u00bb min_height_tablet=\u00bb\u00bb min_height_phone=\u00bb350px\u00bb min_height_last_edited=\u00bbon|phone\u00bb height=\u00bb720px\u00bb height_tablet=\u00bb\u00bb height_phone=\u00bb350px\u00bb height_last_edited=\u00bbon|desktop\u00bb max_height=\u00bb1080px\u00bb max_height_tablet=\u00bb\u00bb max_height_phone=\u00bb720px\u00bb max_height_last_edited=\u00bbon|phone\u00bb header_text_shadow_style=\u00bbpreset5&#8243; header_text_shadow_horizontal_length=\u00bb0.1em\u00bb header_text_shadow_vertical_length=\u00bb0.1em\u00bb global_colors_info=\u00bb{}\u00bb][et_pb_slide heading=\u00bbL&#8217;ENTREPRISE\u00bb _builder_version=\u00bb4.16&#8243; header_font_size=\u00bb60px\u00bb header_letter_spacing=\u00bb1px\u00bb background_enable_color=\u00bboff\u00bb background_image=\u00bbhttps:\/\/frutascondiso.es\/fr\/wp-content\/uploads\/sites\/4\/2019\/11\/quienes-somos-1-1.jpg\u00bb background_enable_image=\u00bbon\u00bb header_font_size_tablet=\u00bb0px\u00bb header_font_size_phone=\u00bb0px\u00bb header_font_size_last_edited=\u00bbon|phone\u00bb global_colors_info=\u00bb{}\u00bb sticky_transition=\u00bbon\u00bb][\/et_pb_slide][\/et_pb_fullwidth_slider][\/et_pb_section][et_pb_section fb_built=\u00bb1&#8243; _builder_version=\u00bb4.16&#8243; custom_margin=\u00bb0px|0px|0px|0px|false|false\u00bb custom_padding=\u00bb0px|0px|0px|0px|false|false\u00bb global_colors_info=\u00bb{}\u00bb][et_pb_row _builder_version=\u00bb4.16&#8243; custom_margin=\u00bb20px||||false|false\u00bb custom_padding=\u00bb||||false|false\u00bb global_colors_info=\u00bb{}\u00bb][et_pb_column type=\u00bb4_4&#8243; _builder_version=\u00bb4.16&#8243; global_colors_info=\u00bb{}\u00bb][et_pb_text disabled_on=\u00bboff|off|on\u00bb _builder_version=\u00bb4.16&#8243; text_font=\u00bbRaleway|500|||||||\u00bb text_text_color=\u00bbrgba(0,0,0,0.93)\u00bb text_font_size=\u00bb25px\u00bb text_letter_spacing=\u00bb1px\u00bb text_line_height=\u00bb1.2em\u00bb text_orientation=\u00bbjustify\u00bb custom_margin=\u00bb||10px||false|false\u00bb custom_padding=\u00bb||10px||false|false\u00bb text_font_size_tablet=\u00bb\u00bb text_font_size_phone=\u00bb14px\u00bb text_font_size_last_edited=\u00bbon|phone\u00bb text_text_align=\u00bbjustify\u00bb global_colors_info=\u00bb{}\u00bb]<\/p>\n<h1 style=\"text-align: center;\">L&#8217;ENTERPRISE<\/h1>\n<p>[\/et_pb_text][et_pb_text _builder_version=\u00bb4.16&#8243; text_font=\u00bbRaleway|500|||||||\u00bb text_text_color=\u00bbrgba(0,0,0,0.93)\u00bb text_font_size=\u00bb25px\u00bb text_letter_spacing=\u00bb1px\u00bb text_line_height=\u00bb1.2em\u00bb text_orientation=\u00bbjustify\u00bb custom_margin=\u00bb||10px||false|false\u00bb custom_padding=\u00bb||10px||false|false\u00bb text_font_size_tablet=\u00bb\u00bb text_font_size_phone=\u00bb14px\u00bb text_font_size_last_edited=\u00bbon|phone\u00bb text_text_align=\u00bbjustify\u00bb global_colors_info=\u00bb{}\u00bb]<\/p>\n<p><span>Frutas Condiso est une entreprise sp\u00e9cialis\u00e9e dans la production, manipulation et commercialisation d&#8217;agrumes. Une soci\u00e9t\u00e9 familiale de deuxi\u00e8me g\u00e9n\u00e9ration cr\u00e9\u00e9e en 1975, avec une longue trajectoire bas\u00e9e sur son exp\u00e9rience, qualit\u00e9 et services. <\/span><\/p>\n<p>[\/et_pb_text][et_pb_text _builder_version=\u00bb4.16&#8243; text_font=\u00bbRaleway|500|||||||\u00bb text_text_color=\u00bbrgba(0,0,0,0.93)\u00bb text_font_size=\u00bb25px\u00bb text_letter_spacing=\u00bb1px\u00bb text_line_height=\u00bb1.2em\u00bb text_orientation=\u00bbjustify\u00bb custom_margin=\u00bb20px||||false|false\u00bb custom_padding=\u00bb20px||||false|false\u00bb text_font_size_tablet=\u00bb\u00bb text_font_size_phone=\u00bb14px\u00bb text_font_size_last_edited=\u00bbon|desktop\u00bb text_text_align=\u00bbjustify\u00bb global_colors_info=\u00bb{}\u00bb disabled_on=\u00bbon|on|on\u00bb disabled=\u00bbon\u00bb]<\/p>\n<p><span>Nos installations avant-gardistes sont adapt\u00e9es \u00e0 la demande des march\u00e9s les plus exigeants et nous d\u00e9tenons notamment d\u2019importantes certifications au niveau national et international, avec un syst\u00e8me de gestion bas\u00e9 sur les protocoles GLOBALGAP, GRASP, IFS et BRC, tout en ayant comme principe de base la s\u00e9curit\u00e9 alimentaire. <\/span><\/p>\n<p>[\/et_pb_text][et_pb_code _builder_version=\u00bb4.16&#8243; global_colors_info=\u00bb{}\u00bb]<iframe loading=\"lazy\" width=\"560\" height=\"315\" src=\"https:\/\/www.youtube.com\/embed\/hNOtJ9elvr4?controls=0\" frameborder=\"0\" allow=\"accelerometer; autoplay; encrypted-media; gyroscope; picture-in-picture\" allowfullscreen><\/iframe>[\/et_pb_code][\/et_pb_column][\/et_pb_row][\/et_pb_section][et_pb_section fb_built=\u00bb1&#8243; fullwidth=\u00bbon\u00bb _builder_version=\u00bb4.16&#8243; global_colors_info=\u00bb{}\u00bb][et_pb_fullwidth_image src=\u00bbhttps:\/\/frutascondiso.es\/fr\/wp-content\/uploads\/sites\/4\/2019\/11\/quienes-somos-frutas-condiso-fondo-limon-1-1-1.jpg\u00bb _builder_version=\u00bb4.16&#8243; global_colors_info=\u00bb{}\u00bb][\/et_pb_fullwidth_image][\/et_pb_section]<\/p>\n","protected":false},"excerpt":{"rendered":"<p>L&#8217;ENTERPRISEFrutas Condiso est une entreprise sp\u00e9cialis\u00e9e dans la production, manipulation et commercialisation d&#8217;agrumes. Une soci\u00e9t\u00e9 familiale de deuxi\u00e8me g\u00e9n\u00e9ration cr\u00e9\u00e9e en 1975, avec une longue trajectoire bas\u00e9e sur son exp\u00e9rience, qualit\u00e9 et services. Nos installations avant-gardistes sont adapt\u00e9es \u00e0 la demande des march\u00e9s les plus exigeants et nous d\u00e9tenons notamment d\u2019importantes certifications au niveau national [&hellip;]<\/p>\n","protected":false},"author":1,"featured_media":0,"parent":0,"menu_order":0,"comment_status":"closed","ping_status":"closed","template":"","meta":{"_et_pb_use_builder":"on","_et_pb_old_content":"","_et_gb_content_width":""},"_links":{"self":[{"href":"https:\/\/frutascondiso.es\/fr\/wp-json\/wp\/v2\/pages\/10"}],"collection":[{"href":"https:\/\/frutascondiso.es\/fr\/wp-json\/wp\/v2\/pages"}],"about":[{"href":"https:\/\/frutascondiso.es\/fr\/wp-json\/wp\/v2\/types\/page"}],"author":[{"embeddable":true,"href":"https:\/\/frutascondiso.es\/fr\/wp-json\/wp\/v2\/users\/1"}],"replies":[{"embeddable":true,"href":"https:\/\/frutascondiso.es\/fr\/wp-json\/wp\/v2\/comments?post=10"}],"version-history":[{"count":3,"href":"https:\/\/frutascondiso.es\/fr\/wp-json\/wp\/v2\/pages\/10\/revisions"}],"predecessor-version":[{"id":190,"href":"https:\/\/frutascondiso.es\/fr\/wp-json\/wp\/v2\/pages\/10\/revisions\/190"}],"wp:attachment":[{"href":"https:\/\/frutascondiso.es\/fr\/wp-json\/wp\/v2\/media?parent=10"}],"curies":[{"name":"wp","href":"https:\/\/api.w.org\/{rel}","templated":true}]}}