{"id":16,"date":"2019-10-16T20:59:45","date_gmt":"2019-10-16T18:59:45","guid":{"rendered":"https:\/\/frutascondiso.es\/fr\/?page_id=16"},"modified":"2020-04-18T13:28:11","modified_gmt":"2020-04-18T11:28:11","slug":"contact","status":"publish","type":"page","link":"https:\/\/frutascondiso.es\/fr\/contact\/","title":{"rendered":"CONTACT"},"content":{"rendered":"<p>[et_pb_section fb_built=\u00bb1&#8243; fullwidth=\u00bbon\u00bb _builder_version=\u00bb4.4.3&#8243; hover_enabled=\u00bb0&#8243; width=\u00bb100vw\u00bb max_width=\u00bb100vw\u00bb][et_pb_fullwidth_slider _builder_version=\u00bb4.4.3&#8243; body_font=\u00bbRaleway|500|||||||\u00bb body_font_size=\u00bb25px\u00bb background_enable_image=\u00bboff\u00bb max_width=\u00bb100vw\u00bb max_width_last_edited=\u00bboff|tablet\u00bb min_height=\u00bb85vh\u00bb min_height_tablet=\u00bb\u00bb min_height_phone=\u00bb\u00bb min_height_last_edited=\u00bbon|desktop\u00bb max_height_last_edited=\u00bboff|desktop\u00bb auto=\u00bbon\u00bb auto_speed=\u00bb3500&#8243; auto_ignore_hover=\u00bbon\u00bb hover_transition_duration=\u00bb100ms\u00bb hover_transition_speed_curve=\u00bblinear\u00bb hover_enabled=\u00bb0&#8243; body_text_shadow_style=\u00bbpreset2&#8243; width=\u00bb100vw\u00bb height=\u00bb85vh\u00bb][et_pb_slide heading=\u00bbCONTACT\u00bb use_bg_overlay=\u00bboff\u00bb use_text_overlay=\u00bboff\u00bb _builder_version=\u00bb4.4.3&#8243; header_level=\u00bbh1&#8243; header_font=\u00bbRaleway|500|||||||\u00bb header_text_align=\u00bbcenter\u00bb header_font_size=\u00bb60px\u00bb header_letter_spacing=\u00bb2px\u00bb header_line_height=\u00bb1.5em\u00bb background_enable_color=\u00bboff\u00bb background_image=\u00bbhttps:\/\/frutascondiso.es\/wp-content\/uploads\/2019\/10\/contacto2-frutas-condiso-fondo-limon-1.jpg\u00bb background_enable_image=\u00bbon\u00bb hover_enabled=\u00bb0&#8243; header_font_size_tablet=\u00bb\u00bb header_font_size_phone=\u00bb32px\u00bb header_font_size_last_edited=\u00bbon|phone\u00bb header_letter_spacing_tablet=\u00bb\u00bb header_letter_spacing_phone=\u00bb\u00bb header_letter_spacing_last_edited=\u00bbon|desktop\u00bb header_text_shadow_style=\u00bbpreset5&#8243; header_text_shadow_horizontal_length=\u00bb0.1em\u00bb header_text_shadow_vertical_length=\u00bb0.1em\u00bb text_shadow_style=\u00bbpreset1&#8243;][\/et_pb_slide][\/et_pb_fullwidth_slider][\/et_pb_section][et_pb_section fb_built=\u00bb1&#8243; _builder_version=\u00bb4.4.3&#8243; custom_margin=\u00bb0px|0px|0px|0px|false|false\u00bb custom_padding=\u00bb0px|0px|0px|0px|false|false\u00bb hover_enabled=\u00bb0&#8243; width=\u00bb100vw\u00bb max_width=\u00bb100vw\u00bb][et_pb_row column_structure=\u00bb1_2,1_2&#8243; use_custom_gutter=\u00bbon\u00bb _builder_version=\u00bb4.4.3&#8243; width=\u00bb80vw\u00bb module_alignment=\u00bbcenter\u00bb custom_margin=\u00bb||||false|false\u00bb custom_padding=\u00bb3vw|3vw|3vw|3vw|true|true\u00bb animation_style=\u00bbfade\u00bb hover_enabled=\u00bb0&#8243; border_radii=\u00bboff||||\u00bb max_width=\u00bb80vw\u00bb width_last_edited=\u00bbon|phone\u00bb width_tablet=\u00bb90vw\u00bb width_phone=\u00bb90vw\u00bb max_width_last_edited=\u00bbon|desktop\u00bb max_width_phone=\u00bb90vw\u00bb max_width_tablet=\u00bb90vw\u00bb][et_pb_column type=\u00bb1_2&#8243; _builder_version=\u00bb4.4.3&#8243; hover_enabled=\u00bb0&#8243;][dsm_contact_form_7 _builder_version=\u00bb4.4.3&#8243; cf7_library=\u00bb50&#8243; hover_enabled=\u00bb0&#8243; button_alignment=\u00bbcenter\u00bb custom_button_one=\u00bbon\u00bb button_one_text_size=\u00bb2vw\u00bb button_one_bg_color=\u00bb#7cda24&#8243; button_one_bg_enable_color=\u00bbon\u00bb button_one_border_color=\u00bb#ffffff\u00bb button_one_use_icon=\u00bboff\u00bb button_one_text_color=\u00bb#ffffff\u00bb][\/dsm_contact_form_7][\/et_pb_column][et_pb_column type=\u00bb1_2&#8243; _builder_version=\u00bb4.4.3&#8243; hover_enabled=\u00bb0&#8243;][et_pb_text _builder_version=\u00bb3.29.3&#8243; custom_padding=\u00bb15px|15px|15px|15px|false|false\u00bb]<\/p>\n<p><strong>Responsable: <\/strong><span><a href=\"http:\/\/www.frutascondiso.es\/\">frutascondiso.es<\/a><\/span> vous informe que les donn\u00e9es de caract\u00e8re personnel qui nous sont fournies en remplissant ce formulaire seront trait\u00e9es par Frutas Condiso S.L., dont le num\u00e9ro CIF est : B30555437 et dont le si\u00e8ge social est situ\u00e9 \u00e0 Camino del Reguer\u00f3n S\/N 30580 Alquer\u00edas (Murcie), en qualit\u00e9 de responsable de ce site Web.<\/p>\n<p><strong>Finalit\u00e9 de la collecte et traitement des donn\u00e9es personnelles<\/strong> : envoyer l\u2019information que l\u2019utilisateur n\u00e9cessite \u00e0 travers le site Web.<\/p>\n<p><strong>L\u00e9gitimation<\/strong> : Consentement de l\u2019int\u00e9ress\u00e9.<\/p>\n<p><strong>Destinataires :<\/strong> E-mail <a href=\"mailto:info@frutascondiso.es\">info@frutascondiso.es<\/a><\/p>\n<p><strong>Droits :<\/strong> Vous pourrez exercer vos droits d\u2019acc\u00e8s, rectification, limitation, suppression et portabilit\u00e9 des donn\u00e9es sur <a href=\"mailto:info@frutascondiso.es\">info@frutascondiso.es<\/a> ainsi que le droit de pr\u00e9senter une r\u00e9clamation aupr\u00e8s d\u2019une autorit\u00e9 de contr\u00f4le.<\/p>\n<p>Le fait de ne pas introduire les donn\u00e9es de caract\u00e8re personnel qui figurent dans le formulaire comme obligatoires entra\u00eenera le non traitement de votre demande.<\/p>\n<p>Informations compl\u00e9mentaires : Vous pouvez consulter les informations compl\u00e9mentaires et d\u00e9taill\u00e9es sur la Protection des donn\u00e9es disponibles sur notre page Web <span><a href=\"http:\/\/www.frutascondiso.es\/\">www.frutascondiso.es<\/a><\/span>, en acc\u00e9dant \u00e0 la page de notre <span><a href=\"http:\/\/frutascondiso.es\/politica-de-privacidad\">Politique de confidentialit\u00e9<\/a><\/span>.<\/p>\n<p>[\/et_pb_text][\/et_pb_column][\/et_pb_row][\/et_pb_section][et_pb_section fb_built=\u00bb1&#8243; fullwidth=\u00bbon\u00bb _builder_version=\u00bb3.29.3&#8243;][et_pb_fullwidth_code _builder_version=\u00bb3.29.3&#8243; custom_margin=\u00bb0px|0px|0px|0px|false|false\u00bb custom_padding=\u00bb0px|0px|0px|0px|false|false\u00bb]<iframe loading=\"lazy\" src=\"https:\/\/www.google.com\/maps\/embed?pb=!1m18!1m12!1m3!1d3143.799946990996!2d-1.0269744846757147!3d38.00512647971811!2m3!1f0!2f0!3f0!3m2!1i1024!2i768!4f13.1!3m3!1m2!1s0xd639d05ffbd8751%3A0xf00536dbdbe4aeb3!2sFrutas%20Condiso!5e0!3m2!1ses!2ses!4v1568807122711!5m2!1ses!2ses\" width=\"1920\" height=\"450\" frameborder=\"0\" style=\"border:0;\" allowfullscreen=\"\"><\/iframe>[\/et_pb_fullwidth_code][\/et_pb_section]<\/p>\n","protected":false},"excerpt":{"rendered":"<p><div class=\"et_pb_module dsm_contact_form_7 dsm_contact_form_7_0\">\n\t\t\t\t\n\t\t\t\t\n\t\t\t\t\n\t\t\t\t\n\t\t\t\t\n\t\t\t\t\n\t\t\t\t<div class=\"et_pb_module_inner\">\n\t\t\t\t\t<div class=\"\">\n\t\t\t\t\n<div class=\"wpcf7 no-js\" id=\"wpcf7-f50-o1\" lang=\"es-ES\" dir=\"ltr\">\n<div class=\"screen-reader-response\"><p role=\"status\" aria-live=\"polite\" aria-atomic=\"true\"><\/p> <ul><\/ul><\/div>\n<form action=\"\/fr\/wp-json\/wp\/v2\/pages\/16#wpcf7-f50-o1\" method=\"post\" class=\"wpcf7-form init\" aria-label=\"Formulario de contacto\" novalidate=\"novalidate\" data-status=\"init\">\n<div style=\"display: none;\">\n<input type=\"hidden\" name=\"_wpcf7\" value=\"50\" \/>\n<input type=\"hidden\" name=\"_wpcf7_version\" value=\"5.7.7\" \/>\n<input type=\"hidden\" name=\"_wpcf7_locale\" value=\"es_ES\" \/>\n<input type=\"hidden\" name=\"_wpcf7_unit_tag\" value=\"wpcf7-f50-o1\" \/>\n<input type=\"hidden\" name=\"_wpcf7_container_post\" value=\"0\" \/>\n<input type=\"hidden\" name=\"_wpcf7_posted_data_hash\" value=\"\" \/>\n<input type=\"hidden\" name=\"_wpcf7_recaptcha_response\" value=\"\" \/>\n<\/div>\n<p><label> Votre nom (obligatoire)<br \/>\n<span class=\"wpcf7-form-control-wrap\" data-name=\"your-name\"><input size=\"40\" class=\"wpcf7-form-control wpcf7-text wpcf7-validates-as-required\" aria-required=\"true\" aria-invalid=\"false\" value=\"\" type=\"text\" name=\"your-name\" \/><\/span> <\/label>\n<\/p>\n<p><span id=\"wpcf7-6a07fd366e27d-wrapper\" class=\"wpcf7-form-control-wrap email-wrap\" style=\"display:none !important; visibility:hidden !important;\"><label for=\"wpcf7-6a07fd366e27d-field\" class=\"hp-message\">Por favor, deja este campo vac\u00edo.<\/label><input id=\"wpcf7-6a07fd366e27d-field\"  class=\"wpcf7-form-control wpcf7-text\" type=\"text\" name=\"email\" value=\"\" size=\"40\" tabindex=\"-1\" autocomplete=\"new-password\" \/><\/span>\n<\/p>\n<p><label> Votre Email (obligatoire)<br \/>\n<span class=\"wpcf7-form-control-wrap\" data-name=\"your-email\"><input size=\"40\" class=\"wpcf7-form-control wpcf7-text wpcf7-email wpcf7-validates-as-required wpcf7-validates-as-email\" aria-required=\"true\" aria-invalid=\"false\" value=\"\" type=\"email\" name=\"your-email\" \/><\/span> <\/label>\n<\/p>\n<p><label> Objet<br \/>\n<span class=\"wpcf7-form-control-wrap\" data-name=\"your-subject\"><input size=\"40\" class=\"wpcf7-form-control wpcf7-text\" aria-invalid=\"false\" value=\"\" type=\"text\" name=\"your-subject\" \/><\/span> <\/label>\n<\/p>\n<p><label> Votre message<br \/>\n<span class=\"wpcf7-form-control-wrap\" data-name=\"your-message\"><textarea cols=\"40\" rows=\"10\" class=\"wpcf7-form-control wpcf7-textarea\" aria-invalid=\"false\" name=\"your-message\"><\/textarea><\/span> <\/label>\n<\/p>\n<p><span id=\"wpcf7-6a07fd366e374-wrapper\" class=\"wpcf7-form-control-wrap message-wrap\" style=\"display:none !important; visibility:hidden !important;\"><label for=\"wpcf7-6a07fd366e374-field\" class=\"hp-message\">Por favor, deja este campo vac\u00edo.<\/label><input id=\"wpcf7-6a07fd366e374-field\"  class=\"wpcf7-form-control wpcf7-text\" type=\"text\" name=\"message\" value=\"\" size=\"40\" tabindex=\"-1\" autocomplete=\"new-password\" \/><\/span>\n<\/p>\n<p><span class=\"wpcf7-form-control-wrap\" data-name=\"acepta-rgpd\"><span class=\"wpcf7-form-control wpcf7-acceptance optional\"><span class=\"wpcf7-list-item\"><label><input type=\"checkbox\" name=\"acepta-rgpd\" value=\"1\" aria-invalid=\"false\" \/><span class=\"wpcf7-list-item-label\">J'ai lu et j'accepte la <a href=\"https:\/\/frutascondiso.es\/fr\/politique-confidentialite\/\" target=\"_blank\" rel=\"nofollow\"> Politique de confidentialit\u00e9 <\/a><\/span><\/label><\/span><\/span><\/span>\n<\/p>\n<p><button class=\"wpcf7-form-control has-spinner et_pb_button et_pb_bg_layout_light wpcf7-submit ENVIAR\" id=\"ENVIAR\" type=\"submit\" value=\"ENVOYER\">ENVOYER<\/button>\n<\/p><p style=\"display: none !important;\"><label>&#916;<textarea name=\"_wpcf7_ak_hp_textarea\" cols=\"45\" rows=\"8\" maxlength=\"100\"><\/textarea><\/label><input type=\"hidden\" id=\"ak_js_1\" name=\"_wpcf7_ak_js\" value=\"9\"\/><script>document.getElementById( \"ak_js_1\" ).setAttribute( \"value\", ( new Date() ).getTime() );<\/script><\/p><div class=\"wpcf7-response-output\" aria-hidden=\"true\"><\/div>\n<\/form>\n<\/div>\n\n\t\t\t<\/div>\n\t\t\t\t<\/div>\n\t\t\t<\/div>Responsable: frutascondiso.es vous informe que les donn\u00e9es de caract\u00e8re personnel qui nous sont fournies en remplissant ce formulaire seront trait\u00e9es par Frutas Condiso S.L., dont le num\u00e9ro CIF est : B30555437 et dont le si\u00e8ge social est situ\u00e9 \u00e0 Camino del Reguer\u00f3n S\/N 30580 [&hellip;]<\/p>\n","protected":false},"author":1,"featured_media":0,"parent":0,"menu_order":0,"comment_status":"closed","ping_status":"closed","template":"","meta":{"_et_pb_use_builder":"on","_et_pb_old_content":"","_et_gb_content_width":""},"_links":{"self":[{"href":"https:\/\/frutascondiso.es\/fr\/wp-json\/wp\/v2\/pages\/16"}],"collection":[{"href":"https:\/\/frutascondiso.es\/fr\/wp-json\/wp\/v2\/pages"}],"about":[{"href":"https:\/\/frutascondiso.es\/fr\/wp-json\/wp\/v2\/types\/page"}],"author":[{"embeddable":true,"href":"https:\/\/frutascondiso.es\/fr\/wp-json\/wp\/v2\/users\/1"}],"replies":[{"embeddable":true,"href":"https:\/\/frutascondiso.es\/fr\/wp-json\/wp\/v2\/comments?post=16"}],"version-history":[{"count":2,"href":"https:\/\/frutascondiso.es\/fr\/wp-json\/wp\/v2\/pages\/16\/revisions"}],"predecessor-version":[{"id":182,"href":"https:\/\/frutascondiso.es\/fr\/wp-json\/wp\/v2\/pages\/16\/revisions\/182"}],"wp:attachment":[{"href":"https:\/\/frutascondiso.es\/fr\/wp-json\/wp\/v2\/media?parent=16"}],"curies":[{"name":"wp","href":"https:\/\/api.w.org\/{rel}","templated":true}]}}