{"id":62,"date":"2019-10-19T14:37:52","date_gmt":"2019-10-19T12:37:52","guid":{"rendered":"https:\/\/frutascondiso.es\/fr\/?page_id=62"},"modified":"2019-11-07T12:08:41","modified_gmt":"2019-11-07T11:08:41","slug":"politique-confidentialite","status":"publish","type":"page","link":"https:\/\/frutascondiso.es\/fr\/politique-confidentialite\/","title":{"rendered":"POLITIQUE DE PUBLICIT\u00c9"},"content":{"rendered":"<p>[et_pb_section fb_built=\u00bb1&#8243; _builder_version=\u00bb3.29.3&#8243; fb_built=\u00bb1&#8243; _i=\u00bb0&#8243; _address=\u00bb0&#8243;][et_pb_row _builder_version=\u00bb3.29.3&#8243; _i=\u00bb0&#8243; _address=\u00bb0.0&#8243;][et_pb_column type=\u00bb4_4&#8243; _builder_version=\u00bb3.29.3&#8243; _i=\u00bb0&#8243; _address=\u00bb0.0.0&#8243;][et_pb_text _builder_version=\u00bb3.29.3&#8243; hover_enabled=\u00bb0&#8243; _i=\u00bb0&#8243; _address=\u00bb0.0.0.0&#8243;]<\/p>\n<h1 style=\"text-align: center;\"><span>POLITIQUE CONFIDENTIALIT\u00c9<\/span><\/h1>\n<p><span><\/span><\/p>\n<p>FRUTAS CONDISO SL avec B-30555437 et ayant son si\u00e8ge social \u00e0 Camino del Reguer\u00f3n s \/ n 30580 Alquer\u00edas (Murcia). Il est propri\u00e9taire du site Web https:\/\/frutascondiso.es (ci-apr\u00e8s le \u00absite Web\u00bb).<\/p>\n<p>FRUTAS CONDISO SL garantit la protection de toutes les donn\u00e9es \u00e0 caract\u00e8re personnel fournies par l&#8217;utilisateur sur le site Web et, conform\u00e9ment aux dispositions de la loi organique 15\/1999 du 13 d\u00e9cembre sur la protection des donn\u00e9es \u00e0 caract\u00e8re personnel dans le Le d\u00e9cret n \u00b0 1720\/2007 du 21 d\u00e9cembre et les autres r\u00e8glements applicables vous indiquent que:<\/p>\n<p>a) Toutes les donn\u00e9es \u00e0 caract\u00e8re personnel fournies \u00e0 FRUTAS CONDISO SL seront trait\u00e9es conform\u00e9ment \u00e0 la loi organique 15\/1999 du 13 d\u00e9cembre sur la protection des donn\u00e9es \u00e0 caract\u00e8re personnel et \u00e0 l&#8217;AR 1720\/2007 du 21 d\u00e9cembre et seront int\u00e9gr\u00e9es dans le fichier UTILISATEURS DE LA PAGE WEB, cr\u00e9\u00e9 et maintenu sous la responsabilit\u00e9 de FRUTAS CONDISO SL, d\u00fbment enregistr\u00e9 aupr\u00e8s de l&#8217;Agence espagnole de protection des donn\u00e9es.<\/p>\n<p>b) Les donn\u00e9es sont collect\u00e9es aux fins suivantes: (i) gestion, \u00e9tude et r\u00e9solution de requ\u00eates et (ii) envoi de publicit\u00e9 et de prospection commerciale par voie \u00e9lectronique sur la soci\u00e9t\u00e9, ses activit\u00e9s, ses produits et services, ainsi que de la documentation De nature diff\u00e9rente. Si vous autorisez le traitement de vos donn\u00e9es personnelles \u00e0 cette derni\u00e8re fin, veuillez cocher la case suivante ().<\/p>\n<p>c) Lors de la collecte et du traitement de donn\u00e9es \u00e0 caract\u00e8re personnel, des mesures de s\u00e9curit\u00e9 ad\u00e9quates ont \u00e9t\u00e9 adopt\u00e9es pour emp\u00eacher la perte, l&#8217;acc\u00e8s non autoris\u00e9 ou la manipulation de celles-ci, conform\u00e9ment aux dispositions du d\u00e9cret royal 1720\/2007. du 21 d\u00e9cembre.<\/p>\n<p>d) FRUTAS CONDISO SL s&#8217;engage \u00e0 prot\u00e9ger les informations confidentielles auxquelles elle a acc\u00e8s.<\/p>\n<p>e) FRUTAS CONDISO SL n&#8217;utilisera en aucun cas les donn\u00e9es personnelles que vous mettez \u00e0 disposition pour fournir des services \u00e0 des tiers autres que ceux mentionn\u00e9s dans la section b) du pr\u00e9sent document ou, le cas \u00e9ch\u00e9ant, pour r\u00e9aliser sa propre utilit\u00e9.<\/p>\n<p>f) L&#8217;utilisateur certifie qu&#8217;il a plus de 14 ans et qu&#8217;il dispose par cons\u00e9quent de la capacit\u00e9 juridique n\u00e9cessaire pour donner son consentement concernant le traitement de ses donn\u00e9es \u00e0 caract\u00e8re personnel et tout cela, conform\u00e9ment aux dispositions de la pr\u00e9sente politique de confidentialit\u00e9. Confidentialit\u00e9.<\/p>\n<p>g) L\u2019utilisateur peut, \u00e0 tout moment, exercer les droits d\u2019acc\u00e8s, de rectification, d\u2019annulation et d\u2019opposition sur ses donn\u00e9es personnelles ainsi que la r\u00e9vocation du consentement aux fins pr\u00e9cit\u00e9es, en envoyant un courrier \u00e9lectronique \u00e0 FRUTAS CONDISO SL \u00e0 info @ fruitscondiso.es o\u00f9 les informations de contact sont clairement indiqu\u00e9es, lesquelles doivent \u00eatre accompagn\u00e9es d&#8217;une copie de votre DNI \/ NIF ou d&#8217;un document prouvant votre identit\u00e9.<\/p>\n<p>h) L&#8217;utilisateur autorise le traitement automatis\u00e9 des donn\u00e9es \u00e0 caract\u00e8re personnel fournies dans les termes indiqu\u00e9s. Pour ce faire, appuyez sur le bouton \u00abENVOYER\u00bb situ\u00e9 derri\u00e8re le formulaire de collecte de donn\u00e9es.<\/p>\n<p>[\/et_pb_text][\/et_pb_column][\/et_pb_row][\/et_pb_section]<\/p>\n","protected":false},"excerpt":{"rendered":"<p>POLITIQUE CONFIDENTIALIT\u00c9 FRUTAS CONDISO SL avec B-30555437 et ayant son si\u00e8ge social \u00e0 Camino del Reguer\u00f3n s \/ n 30580 Alquer\u00edas (Murcia). Il est propri\u00e9taire du site Web https:\/\/frutascondiso.es (ci-apr\u00e8s le \u00absite Web\u00bb). FRUTAS CONDISO SL garantit la protection de toutes les donn\u00e9es \u00e0 caract\u00e8re personnel fournies par l&#8217;utilisateur sur le site Web et, conform\u00e9ment [&hellip;]<\/p>\n","protected":false},"author":1,"featured_media":0,"parent":0,"menu_order":0,"comment_status":"closed","ping_status":"closed","template":"","meta":{"_et_pb_use_builder":"on","_et_pb_old_content":"<!-- wp:divi\/placeholder \/-->","_et_gb_content_width":""},"_links":{"self":[{"href":"https:\/\/frutascondiso.es\/fr\/wp-json\/wp\/v2\/pages\/62"}],"collection":[{"href":"https:\/\/frutascondiso.es\/fr\/wp-json\/wp\/v2\/pages"}],"about":[{"href":"https:\/\/frutascondiso.es\/fr\/wp-json\/wp\/v2\/types\/page"}],"author":[{"embeddable":true,"href":"https:\/\/frutascondiso.es\/fr\/wp-json\/wp\/v2\/users\/1"}],"replies":[{"embeddable":true,"href":"https:\/\/frutascondiso.es\/fr\/wp-json\/wp\/v2\/comments?post=62"}],"version-history":[{"count":3,"href":"https:\/\/frutascondiso.es\/fr\/wp-json\/wp\/v2\/pages\/62\/revisions"}],"predecessor-version":[{"id":144,"href":"https:\/\/frutascondiso.es\/fr\/wp-json\/wp\/v2\/pages\/62\/revisions\/144"}],"wp:attachment":[{"href":"https:\/\/frutascondiso.es\/fr\/wp-json\/wp\/v2\/media?parent=62"}],"curies":[{"name":"wp","href":"https:\/\/api.w.org\/{rel}","templated":true}]}}