{"id":80,"date":"2019-10-19T15:48:25","date_gmt":"2019-10-19T13:48:25","guid":{"rendered":"https:\/\/frutascondiso.es\/fr\/?page_id=80"},"modified":"2019-11-07T12:07:57","modified_gmt":"2019-11-07T11:07:57","slug":"mentions-legales","status":"publish","type":"page","link":"https:\/\/frutascondiso.es\/fr\/mentions-legales\/","title":{"rendered":"MENTIONS L\u00c9GALES"},"content":{"rendered":"<p>[et_pb_section fb_built=\u00bb1&#8243; _builder_version=\u00bb3.29.3&#8243; fb_built=\u00bb1&#8243; _i=\u00bb0&#8243; _address=\u00bb0&#8243;][et_pb_row _builder_version=\u00bb3.29.3&#8243; _i=\u00bb0&#8243; _address=\u00bb0.0&#8243;][et_pb_column type=\u00bb4_4&#8243; _builder_version=\u00bb3.29.3&#8243; _i=\u00bb0&#8243; _address=\u00bb0.0.0&#8243;][et_pb_text _builder_version=\u00bb3.29.3&#8243; hover_enabled=\u00bb0&#8243; _i=\u00bb0&#8243; _address=\u00bb0.0.0.0&#8243;]<\/p>\n<h1 style=\"text-align: center;\">AVIS JURIDIQUE<\/h1>\n<p>Le site Web https:\/\/frutascondiso.es (ci-apr\u00e8s, le \u00absite Web\u00bb) appartient \u00e0 FRUTAS CONDISO SL, B-30555437, ayant son si\u00e8ge social \u00e0 Camino del Reguer\u00f3n, s\/n 30580 Alquer\u00edas (Murcia).<\/p>\n<p>FRUTAS CONDISO SL vous souhaite la bienvenue et vous invite \u00e0 lire attentivement les Conditions g\u00e9n\u00e9rales d&#8217;utilisation de ce site Web (ci-apr\u00e8s, les \u00abConditions g\u00e9n\u00e9rales d&#8217;utilisation\u00bb) qui d\u00e9crivent les termes et conditions qui seront applicables \u00e0 votre navigation, conform\u00e9ment aux dispositions du r\u00e8glement d\u2019application espagnol. Compte tenu de celui de FRUTAS CONDISO SL. Pour pouvoir modifier ces conditions d&#8217;utilisation \u00e0 l&#8217;avenir, nous vous recommandons de les consulter p\u00e9riodiquement pour \u00eatre d\u00fbment inform\u00e9 des modifications apport\u00e9es.<\/p>\n<p>Afin que l&#8217;utilisation du site Web r\u00e9ponde \u00e0 des crit\u00e8res de transparence, de clart\u00e9 et de simplicit\u00e9, FRUTAS CONDISO SL informe l&#8217;utilisateur que toute suggestion, doute ou question concernant les conditions g\u00e9n\u00e9rales d&#8217;utilisation sera re\u00e7u et r\u00e9solu en contactant FRUTAS CONDISO SL par le t\u00e9l\u00e9phone. +34 968 37 92 02: ou \u00e0 l&#8217;adresse email: <a href=\"mailto:info@frutascondiso.es\">info@frutascondiso.es<\/a>.<\/p>\n<p>1) Objet<br \/> FRUTAS CONDISO SL fournit le contenu et les services disponibles sur le site Web, dans le respect des pr\u00e9sentes conditions g\u00e9n\u00e9rales d&#8217;utilisation, ainsi que de la politique en mati\u00e8re de traitement des donn\u00e9es \u00e0 caract\u00e8re personnel (ci-apr\u00e8s, la \u00abpolitique de protection des donn\u00e9es\u00bb). L&#8217;acc\u00e8s \u00e0 ce site Web ou son utilisation de quelque mani\u00e8re que ce soit lui conf\u00e8re le qualificatif \u00abd&#8217;utilisateur\u00bb et implique l&#8217;acceptation sans r\u00e9serve de chacune des pr\u00e9sentes conditions g\u00e9n\u00e9rales d&#8217;utilisation, en laissant FRUTAS CONDISO SL le droit de les modifier \u00e0 tout moment. . En cons\u00e9quence, il incombera \u00e0 chaque utilisateur de lire attentivement les Conditions g\u00e9n\u00e9rales d&#8217;utilisation en vigueur \u00e0 chacune des occasions auxquelles il acc\u00e9dera \u00e0 ce site Web. Par cons\u00e9quent, s&#8217;il n&#8217;est en accord avec aucune de celles-ci, Vous devez vous abstenir d&#8217;utiliser ce site Web.<\/p>\n<p>De m\u00eame, il est averti que, \u00e0 l&#8217;occasion, des conditions particuli\u00e8res peuvent \u00eatre \u00e9tablies pour l&#8217;utilisation sur le site Web de contenus et \/ ou de services sp\u00e9cifiques. L&#8217;utilisation de ces contenus ou services implique l&#8217;acceptation des conditions particuli\u00e8res qui y sont sp\u00e9cifi\u00e9es.<\/p>\n<p>2) Les services<br \/> \u00c0 travers le site Web, FRUTAS CONDISO SL offre aux utilisateurs la possibilit\u00e9 d\u2019acc\u00e9der aux informations sur la soci\u00e9t\u00e9, aux produits et \/ ou services propos\u00e9s par le biais du site Web, de leur emplacement et de la section contacts.<\/p>\n<p>3) Confidentialit\u00e9 et traitement des donn\u00e9es<br \/> Lorsqu&#8217;il est n\u00e9cessaire de fournir des donn\u00e9es personnelles pour acc\u00e9der \u00e0 certains contenus ou services, les utilisateurs garantissent leur v\u00e9racit\u00e9, leur exactitude, leur authenticit\u00e9 et leur validit\u00e9. FRUTAS CONDISO SL donnera auxdites donn\u00e9es le traitement automatis\u00e9 correspondant en fonction de leur nature ou de leur objectif, dans les termes indiqu\u00e9s dans la section Politique de protection des donn\u00e9es.<\/p>\n<p>4) Propri\u00e9t\u00e9 intellectuelle et industrielle<br \/> L&#8217;utilisateur reconna\u00eet et accepte que tout le contenu affich\u00e9 sur le site Web, en particulier les dessins, textes, images, logos, ic\u00f4nes, boutons, logiciels, noms commerciaux, marques ou tout autre signe susceptible d&#8217;une utilisation industrielle et \/ ou Les produits commerciaux sont soumis aux droits de propri\u00e9t\u00e9 intellectuelle et \u00e0 toutes les marques commerciales, d\u00e9nominations commerciales ou signes distinctifs, tous les droits de propri\u00e9t\u00e9 industrielle et intellectuelle, sur le contenu et \/ ou tout autre \u00e9l\u00e9ment ins\u00e9r\u00e9 dans la page, qui sont la propri\u00e9t\u00e9 exclusive de FRUTAS CONDISO SL et \/ ou des tiers, qui ont le droit exclusif de les utiliser en trafic \u00e9conomique. Par cons\u00e9quent, l&#8217;utilisateur s&#8217;engage \u00e0 ne pas reproduire, copier, distribuer, rendre disponible ou communiquer publiquement, transformer ou modifier publiquement ce contenu en maintenant FRUTAS CONDISO SL \u00e0 l&#8217;abri de toute r\u00e9clamation r\u00e9sultant de la violation de ces obligations. L&#8217;acc\u00e8s au site Web n&#8217;implique en aucun cas une renonciation, une transmission, une licence ou un transfert total ou partiel desdits droits, sauf indication contraire expresse. Les pr\u00e9sentes conditions g\u00e9n\u00e9rales d&#8217;utilisation du site Web n&#8217;accordent aux utilisateurs aucun autre droit d&#8217;utilisation, de modification, d&#8217;exploitation, de reproduction, de distribution ou de communication publique du site Web et \/ ou de son contenu, autres que ceux express\u00e9ment pr\u00e9vus dans les pr\u00e9sentes. Toute autre utilisation ou exploitation de tout droit sera soumise \u00e0 l&#8217;autorisation expresse et pr\u00e9alable express\u00e9ment accord\u00e9e \u00e0 cette fin par FRUTAS CONDISO SL ou le tiers d\u00e9tenteur des droits en question.<\/p>\n<p>Le contenu, les textes, les photographies, les dessins, les logos, les images, les programmes informatiques, les codes sources et, en g\u00e9n\u00e9ral, toutes les cr\u00e9ations intellectuelles existant sur ce site, ainsi que le site dans son ensemble, en tant qu&#8217;oeuvre artistique multim\u00e9dia, sont prot\u00e9g\u00e9s comme des droits. d\u2019auteur par la l\u00e9gislation en mati\u00e8re de propri\u00e9t\u00e9 intellectuelle. FRUTAS CONDISO SL, est propri\u00e9taire des \u00e9l\u00e9ments qui int\u00e8grent la conception graphique du site Web, menus, boutons de navigation, code HTML, textes, images, textures, graphiques et tout autre contenu du site Web ou, en tout cas, de l&#8217;autorisation correspondante pour l&#8217;utilisation desdits \u00e9l\u00e9ments. Le contenu fourni sur le site Web ne peut \u00eatre reproduit en tout ou en partie, ni transmis, ni enregistr\u00e9 par aucun syst\u00e8me de recherche d&#8217;informations, sous quelque forme ou par quelque moyen que ce soit, sans l&#8217;autorisation pr\u00e9alable de, obtenue par \u00e9crit, de l&#8217;entit\u00e9 mentionn\u00e9e.<\/p>\n<p>Il est \u00e9galement interdit de supprimer, de contourner et \/ ou de manipuler le \u00abcopyright\u00bb ainsi que les dispositifs de protection technique, ou tout m\u00e9canisme d&#8217;information pouvant contenir le contenu. L&#8217;utilisateur de ce site Web s&#8217;engage \u00e0 respecter les droits \u00e9nonc\u00e9s et \u00e0 \u00e9viter tout acte susceptible de leur causer pr\u00e9judice, en r\u00e9servant en tout \u00e9tat de cause FRUTAS CONDISO SL l&#8217;exercice de tout moyen ou action en justice qui lui correspond pour la d\u00e9fense de ses droits l\u00e9gitimes de propri\u00e9t\u00e9 intellectuelle et industrielle.<\/p>\n<p>5) Obligations et responsabilit\u00e9s de l&#8217;utilisateur du site<\/p>\n<p>L&#8217;utilisateur s&#8217;engage \u00e0:<\/p>\n<p>a) Faire un usage appropri\u00e9 et licite du site Web ainsi que du contenu et des services, conform\u00e9ment \u00e0: (i) la l\u00e9gislation applicable \u00e0 tout moment; (ii) les conditions g\u00e9n\u00e9rales d&#8217;utilisation du site Web; (iii) la morale et les bonnes coutumes g\u00e9n\u00e9ralement accept\u00e9es et (iv) l&#8217;ordre public.<\/p>\n<p>b) Fournir tous les moyens et exigences techniques n\u00e9cessaires pour acc\u00e9der au site Web.<\/p>\n<p>c) Fournissez des informations v\u00e9ridiques en remplissant les formulaires contenus dans le site Web avec vos donn\u00e9es personnelles et en les mettant \u00e0 jour en tout temps, de mani\u00e8re \u00e0 r\u00e9pondre en tout temps \u00e0 la situation r\u00e9elle de l&#8217;utilisateur. L&#8217;utilisateur sera seul responsable de toutes d\u00e9clarations fausses ou inexactes et des dommages caus\u00e9s \u00e0 FRUTAS CONDISO SL ou \u00e0 des tiers pour les informations fournies.<\/p>\n<p>Nonobstant les dispositions de la section pr\u00e9c\u00e9dente, l&#8217;utilisateur doit \u00e9galement s&#8217;abstenir de:<\/p>\n<p>a) faire un usage non autoris\u00e9 ou frauduleux du site Web et \/ ou du contenu \u00e0 des fins ill\u00e9gales ou interdites, interdites dans les pr\u00e9sentes conditions g\u00e9n\u00e9rales d&#8217;utilisation, pr\u00e9judiciables aux droits et int\u00e9r\u00eats de tiers, ou pouvant en aucun cas nuire \u00e0 d\u00e9sactiver, surcharger, d\u00e9t\u00e9riorer ou emp\u00eacher l&#8217;utilisation normale de services ou de documents, de fichiers et de tout type de contenu stock\u00e9 dans un \u00e9quipement informatique.<\/p>\n<p>b) Acc\u00e9der ou tenter d&#8217;acc\u00e9der \u00e0 des ressources ou \u00e0 des zones restreintes du site Web, sans respecter les conditions requises pour cet acc\u00e8s.<\/p>\n<p>c) causer des dommages aux syst\u00e8mes physiques ou logiques du site Web, de ses fournisseurs ou de tiers.<\/p>\n<p>d) Introduire ou propager des virus informatiques ou tout autre syst\u00e8me physique ou logique de nature \u00e0 endommager les syst\u00e8mes physiques ou logiques de FRUTAS CONDISO SL, de ses fournisseurs ou de tiers.<\/p>\n<p>e) Tenter d&#8217;acc\u00e9der, d&#8217;utiliser et \/ ou de manipuler les donn\u00e9es de fournisseurs tiers et d&#8217;autres utilisateurs. FRUTAS CONDISO SL.<\/p>\n<p>f) Reproduire ou copier, distribuer, autoriser l&#8217;acc\u00e8s public par le biais de toute forme de communication publique, transformer ou modifier le contenu, sauf autorisation du titulaire des droits correspondants ou autorisation l\u00e9gale.<\/p>\n<p>g) Supprimer, masquer ou manipuler les notes sur les droits de propri\u00e9t\u00e9 intellectuelle ou industrielle et d&#8217;autres donn\u00e9es identifiant les droits de FRUTAS CONDISO SL ou de tiers incorpor\u00e9s dans le contenu, ainsi que les dispositifs de protection techniques ou tout m\u00e9canisme d&#8217;information pouvant \u00eatre ins\u00e9r\u00e9s dans le contenu.<\/p>\n<p>h) Obtenir et essayer d&#8217;obtenir le contenu en utilisant des moyens ou proc\u00e9dures diff\u00e9rents de ceux qui, selon le cas, ont \u00e9t\u00e9 mis \u00e0 disposition \u00e0 cette fin ou ont \u00e9t\u00e9 express\u00e9ment indiqu\u00e9s sur les pages Web o\u00f9 le contenu est situ\u00e9 ou, en g\u00e9n\u00e9ral , de ceux qui sont habituellement utilis\u00e9s sur Internet pour ne pas entra\u00eener de risque de dommage ou d&#8217;invalidit\u00e9 du site Web et \/ ou du contenu.<\/p>\n<p>i) En particulier, et \u00e0 titre purement indicatif et non exhaustif, l&#8217;utilisateur s&#8217;engage \u00e0 ne pas transmettre, diffuser ou mettre \u00e0 la disposition de tiers des informations, donn\u00e9es, contenus, messages, graphiques, dessins, fichiers son et \/ ou images, photographies, enregistrements, logiciels et, en g\u00e9n\u00e9ral, tout type de mat\u00e9riel qui:<\/p>\n<p>(i) En aucune mani\u00e8re, il est contraire, d\u00e9nigre ou viole les droits fondamentaux et les libert\u00e9s publiques reconnus constitutionnellement dans les trait\u00e9s internationaux et dans le reste de la l\u00e9gislation en vigueur.<\/p>\n<p>(ii) Inciter, inciter ou promouvoir des actions criminelles, d\u00e9nigrantes, diffamatoires, violentes ou, en g\u00e9n\u00e9ral, contraires \u00e0 la loi, aux bonnes m\u0153urs, aux bonnes coutumes g\u00e9n\u00e9ralement accept\u00e9es ou aux actions d&#8217;ordre public.<\/p>\n<p>(iii) Induire, inciter ou promouvoir des actions, attitudes ou pens\u00e9es discriminatoires fond\u00e9es sur le sexe, la race, la religion, les convictions, l&#8217;\u00e2ge ou la condition.<\/p>\n<p>(iv) incorporer, mettre \u00e0 disposition ou permettre l&#8217;acc\u00e8s \u00e0 des produits, \u00e9l\u00e9ments, messages et \/ ou services criminels, violents, offensants, nuisibles, d\u00e9gradants ou, d&#8217;une mani\u00e8re g\u00e9n\u00e9rale, contraires \u00e0 la loi, \u00e0 la moralit\u00e9 et aux bonnes pratiques g\u00e9n\u00e9ralement accept\u00e9es \u00e0 l&#8217;ordre public.<\/p>\n<p>(v) Induire ou peut induire un \u00e9tat d&#8217;anxi\u00e9t\u00e9 ou de peur inacceptable.<\/p>\n<p>(vi) inciter ou inciter \u00e0 se livrer \u00e0 des pratiques dangereuses, risqu\u00e9es ou pr\u00e9judiciables \u00e0 la sant\u00e9 et \u00e0 l&#8217;\u00e9quilibre psychique.<\/p>\n<p>(vii) Il est prot\u00e9g\u00e9 par la l\u00e9gislation sur la protection intellectuelle ou industrielle appartenant \u00e0 FRUTAS CONDISO SL ou \u00e0 des tiers sans avoir autoris\u00e9 l&#8217;utilisation pr\u00e9vue.<\/p>\n<p>(viii) \u00eatre contraire \u00e0 l&#8217;honneur, \u00e0 la vie priv\u00e9e, personnelle ou familiale ou \u00e0 l&#8217;image des personnes.<\/p>\n<p>(ix) Constituer tout type de publicit\u00e9.<\/p>\n<p>(x) Incluez tout type de virus ou de programme emp\u00eachant le fonctionnement normal du site Web.<\/p>\n<p>Si un mot de passe est fourni pour acc\u00e9der \u00e0 certains services et \/ ou contenus du site Web, vous \u00eates oblig\u00e9 de l&#8217;utiliser de mani\u00e8re diligente, en le gardant toujours secret. En cons\u00e9quence, il sera responsable de sa conservation et de sa confidentialit\u00e9, en acceptant de ne pas le c\u00e9der \u00e0 des tiers, temporairement ou de mani\u00e8re permanente, ni de permettre aux tiers de donner acc\u00e8s aux services et \/ ou au contenu susmentionn\u00e9s. De m\u00eame, il est tenu d&#8217;informer FRUTAS CONDISO SL de tout \u00e9v\u00e9nement pouvant entra\u00eener une utilisation impropre de votre mot de passe, tel que par exemple son vol, sa perte ou son acc\u00e8s non autoris\u00e9, afin de proc\u00e9der \u00e0 sa suppression imm\u00e9diate. Par cons\u00e9quent, tant que vous ne faites pas la notification pr\u00e9c\u00e9dente, FRUTAS CONDISO SL sera d\u00e9gag\u00e9 de toute responsabilit\u00e9 qui pourrait d\u00e9couler de l&#8217;utilisation impropre de votre mot de passe. Toute responsabilit\u00e9 en cas d&#8217;utilisation ill\u00e9gale du contenu et \/ ou des services du site Web par un tiers ill\u00e9gitime .<\/p>\n<p>S&#8217;il omet par n\u00e9gligence ou intentionnellement de se conformer \u00e0 l&#8217;une des obligations \u00e9tablies dans les pr\u00e9sentes Conditions g\u00e9n\u00e9rales d&#8217;utilisation, il sera responsable de tous les dommages pouvant d\u00e9couler de ladite violation de FRUTAS CONDISO SL.<\/p>\n<p>6) Les responsabilit\u00e9s<br \/> FRUTAS CONDISO SL ne garantit pas l&#8217;acc\u00e8s continu, ni l&#8217;affichage, le t\u00e9l\u00e9chargement ou l&#8217;utilisation correctes des \u00e9l\u00e9ments et des informations contenus sur le site Web, qui pourraient \u00eatre entrav\u00e9s, g\u00ean\u00e9s ou interrompus par des facteurs ou des circonstances ind\u00e9pendants de sa volont\u00e9.<\/p>\n<p>FRUTAS CONDISO SL n&#8217;est pas responsable des d\u00e9cisions pouvant \u00eatre prises \u00e0 la suite de l&#8217;acc\u00e8s au contenu ou aux informations propos\u00e9es.<\/p>\n<p>FRUTAS CONDISO SL peut interrompre le service ou r\u00e9soudre imm\u00e9diatement la relation avec l&#8217;utilisateur s&#8217;il d\u00e9tecte qu&#8217;une utilisation de son site Web ou de l&#8217;un des services offerts y figurant est contraire aux pr\u00e9sentes conditions g\u00e9n\u00e9rales d&#8217;utilisation. n&#8217;est pas responsable des dommages, pertes, pertes, r\u00e9clamations ou d\u00e9penses d\u00e9coulant de l&#8217;utilisation du site Web. Il ne sera responsable que de l&#8217;\u00e9limination, dans les meilleurs d\u00e9lais, du contenu susceptible de g\u00e9n\u00e9rer de tels dommages, \u00e0 condition que celui-ci en soit inform\u00e9. En particulier, il ne sera pas responsable des dommages qui pourraient r\u00e9sulter, entre autres, de:<\/p>\n<p>(i) interf\u00e9rences, interruptions, d\u00e9faillances, omissions, pannes t\u00e9l\u00e9phoniques, retards, blocages ou d\u00e9connexions dans le fonctionnement du syst\u00e8me \u00e9lectronique, motiv\u00e9s par des d\u00e9faillances, des surcharges et des erreurs dans les lignes et les r\u00e9seaux de t\u00e9l\u00e9communication, ou pour toute autre cause ind\u00e9pendante de la volont\u00e9. de FRUTAS CONDISO SL.<\/p>\n<p>(ii) des interf\u00e9rences ill\u00e9gitimes r\u00e9sultant de l&#8217;utilisation de programmes malveillants de tout type et de tout moyen de communication, tel qu&#8217;un virus informatique ou tout autre moyen.<\/p>\n<p>(iii) utilisation abusive ou inappropri\u00e9e du site Web.<\/p>\n<p>(iv) des erreurs de s\u00e9curit\u00e9 ou de navigation caus\u00e9es par un dysfonctionnement du navigateur ou par l&#8217;utilisation de versions obsol\u00e8tes de celui-ci. Les administrateurs de FRUTAS CONDISO SL se r\u00e9servent le droit de retirer tout ou partie du contenu ou des informations pr\u00e9sents sur le site.<\/p>\n<p>FRUTAS CONDISO SL d\u00e9cline toute responsabilit\u00e9 pour les dommages de toute nature qui pourraient r\u00e9sulter de la mauvaise utilisation des services librement disponibles et utilis\u00e9s par les utilisateurs du site. De m\u00eame, FRUTAS CONDISO SL d\u00e9cline toute responsabilit\u00e9 quant au contenu et aux informations susceptibles d\u2019\u00eatre re\u00e7us \u00e0 la suite des formulaires de collecte de donn\u00e9es; elle n\u2019est identique que pour la fourniture de services de requ\u00eate et de doute. D&#8217;autre part, en cas de dommages caus\u00e9s par une utilisation illicite ou incorrecte de ces services, l&#8217;utilisateur peut \u00eatre r\u00e9clam\u00e9 par FRUTAS CONDISO SL pour les dommages caus\u00e9s.<\/p>\n<p>Vous allez d\u00e9fendre, indemniser et maintenir FRUTAS CONDISO SL contre tout dommage r\u00e9sultant de r\u00e9clamations, actions ou r\u00e9clamations de tiers \u00e0 la suite de votre acc\u00e8s ou de votre utilisation du site Web. De m\u00eame, vous acceptez d&#8217;indemniser FRUTAS CONDISO SL. contre tous dommages et pertes d\u00e9coulant de l&#8217;utilisation de \u00abrobots\u00bb, \u00abaraign\u00e9es\u00bb, \u00abrobots d&#8217;exploration\u00bb ou des outils similaires utilis\u00e9s pour la collecte ou l&#8217;extraction de donn\u00e9es ou toute autre action de votre part imposant une charge d\u00e9raisonnable sur le fonctionnement du site Web.<\/p>\n<p>7) Des hyperliens<br \/>L&#8217;utilisateur s&#8217;engage \u00e0 ne pas reproduire de quelque mani\u00e8re que ce soit, m\u00eame via un lien hypertexte ou hypertexte, le site Web de FRUTAS CONDISO SL, ainsi que son contenu, sauf autorisation expresse \u00e9crite de FRUTAS CONDISO SL.<\/p>\n<p>Le site Web de FRUTAS CONDISO SL contient des liens vers d&#8217;autres sites Web g\u00e9r\u00e9s par des tiers, afin de faciliter l&#8217;acc\u00e8s de l&#8217;utilisateur aux informations des soci\u00e9t\u00e9s collaborant et \/ ou sponsors. Conform\u00e9ment \u00e0 FRUTAS CONDISO SL, il n\u2019est pas responsable du contenu de ces sites Web, pas plus qu\u2019il n\u2019est en position de garant et \/ ou offre une partie des services et \/ ou informations pouvant \u00eatre propos\u00e9s \u00e0 des tiers par le biais des liens de tiers.<\/p>\n<p>L&#8217;utilisateur dispose d&#8217;un droit limit\u00e9, r\u00e9vocable et non exclusif de cr\u00e9er des liens vers la page principale du site Web exclusivement pour un usage priv\u00e9 et non commercial. Les sites Web comportant un lien vers notre site Web (i) ne signifient pas que FRUTAS CONDISO SL recommande ce site Web, ses services ou ses produits; (ii) ils ne peuvent pas falsifier leurs relations avec FRUTAS CONDISO SL ou affirmer que FRUTAS CONDISO SL a autoris\u00e9 un tel lien, ni inclure de marques, d\u00e9nominations, noms commerciaux, logos ou autres signes distinctifs de FRUTAS CONDISO SL; (iii) ne peuvent inclure de contenu de mauvais go\u00fbt, obsc\u00e8ne, offensant, controvers\u00e9, incitant \u00e0 la violence ou \u00e0 une discrimination fond\u00e9e sur le sexe, la race ou la religion, contraire \u00e0 l&#8217;ordre public ou ill\u00e9gal; (iv) ne peut pas cr\u00e9er de lien vers une page du site Web autre que la page principale; (v) doit cr\u00e9er un lien vers la propre adresse du site Web, sans permettre au site Web faisant le lien de reproduire le site Web en tant que partie de son site Web ou dans l&#8217;un de ses \u00abcadres\u00bb, ou de cr\u00e9er un \u00abnavigateur\u00bb sur les pages du site. de FRUTAS CONDISO SL peut, \u00e0 tout moment, demander la suppression de tout lien vers le site Web, apr\u00e8s quoi elle doit proc\u00e9der imm\u00e9diatement \u00e0 sa suppression. FRUTAS CONDISO SL ne peut pas contr\u00f4ler les informations, le contenu, les produits ou les services fournis par d&#8217;autres sites Web ayant \u00e9tabli des liens avec le site Web.<\/p>\n<p>En cons\u00e9quence, FRUTAS CONDISO SL n&#8217;assume aucune responsabilit\u00e9 pour aucun aspect li\u00e9 \u00e0 de tels sites.<\/p>\n<p>8) Protection de donn\u00e9es<br \/>Pour utiliser certains des services, les utilisateurs doivent au pr\u00e9alable fournir certaines donn\u00e9es personnelles. Pour ce faire, FRUTAS CONDISO SL traitera les donn\u00e9es \u00e0 caract\u00e8re personnel conform\u00e9ment \u00e0 la loi 15\/1999 du 13 d\u00e9cembre sur la protection des donn\u00e9es \u00e0 caract\u00e8re personnel et \u00e0 l&#8217;AR du d\u00e9veloppement 1720\/2007 et au GRPD 2016\/679. Pour cela, l&#8217;utilisateur peut acc\u00e9der \u00e0 la politique suivie dans le traitement des donn\u00e9es personnelles ainsi que dans l&#8217;\u00e9tablissement des finalit\u00e9s pr\u00e9c\u00e9demment \u00e9tablies, comme pr\u00e9vu dans les conditions d\u00e9finies dans la politique de confidentialit\u00e9 pr\u00e9sent\u00e9e par le site Web.<\/p>\n<p>9) Dur\u00e9e et r\u00e9siliation<br \/>La fourniture du service de ce site Web et des autres services a en principe une dur\u00e9e ind\u00e9termin\u00e9e. Toutefois, FRUTAS CONDISO SL peut mettre fin ou suspendre n\u2019importe quel des services du portail. Dans la mesure du possible, FRUTAS CONDISO SL annoncera la r\u00e9siliation ou la suspension du service fourni.<\/p>\n<p>10) D\u00e9clarations et garanties<br \/>En r\u00e8gle g\u00e9n\u00e9rale, le contenu et les services propos\u00e9s sur le site Web sont uniquement \u00e0 des fins d\u2019information. Par cons\u00e9quent, en les offrant, FRUTAS CONDISO SL n&#8217;accorde aucune garantie concernant les contenus et les services propos\u00e9s sur le site Web, y compris, \u00e0 titre d&#8217;exemple, des garanties de l\u00e9galit\u00e9, de fiabilit\u00e9, d&#8217;utilit\u00e9, de v\u00e9racit\u00e9, d&#8217;exactitude ou de valeur marchande, sauf dans la mesure o\u00f9 ces d\u00e9clarations et garanties ne peuvent \u00eatre exclues par la loi.<\/p>\n<p>11) Force majeure<br \/>(\u00e0 compl\u00e9ter) ne sera pas du tout responsable en cas d&#8217;impossibilit\u00e9 de fournir le service, si cela est d\u00fb \u00e0 des interruptions prolong\u00e9es de l&#8217;alimentation \u00e9lectrique, des lignes de t\u00e9l\u00e9communications, des conflits sociaux, des gr\u00e8ves, des r\u00e9bellions, des explosions, des inondations, des actes et des omissions du gouvernement, et en g\u00e9n\u00e9ral tous les cas de force majeure ou de cas fortuit.<\/p>\n<p>12) R\u00e9solution de litige. Loi applicable et juridiction<br \/>Les pr\u00e9sentes conditions g\u00e9n\u00e9rales d&#8217;utilisation, ainsi que l&#8217;utilisation du site Web, seront r\u00e9gies par le droit espagnol. Tout litige sera r\u00e9solu devant les tribunaux du domicile du propri\u00e9taire du site Web.<\/p>\n<p>Au cas o\u00f9 une quelconque stipulation des pr\u00e9sentes Conditions g\u00e9n\u00e9rales d&#8217;utilisation serait inapplicable ou nulle en vertu de la loi en vigueur ou \u00e0 la suite d&#8217;une r\u00e9solution judiciaire ou administrative, une telle inexactitude ou nullit\u00e9 ne rendrait pas les pr\u00e9sentes Conditions g\u00e9n\u00e9rales inapplicables. vide dans son ensemble. Dans de tels cas, FRUTAS CONDISO SL proc\u00e9dera \u00e0 la modification ou au remplacement de ladite stipulation par une autre, valide et ex\u00e9cutoire, qui permettra, dans la mesure du possible, d\u2019atteindre l\u2019objectif et la revendication \u00e9nonc\u00e9s dans la stipulation initiale.<\/p>\n<p>[\/et_pb_text][\/et_pb_column][\/et_pb_row][\/et_pb_section]<\/p>\n","protected":false},"excerpt":{"rendered":"<p>AVIS JURIDIQUE Le site Web https:\/\/frutascondiso.es (ci-apr\u00e8s, le \u00absite Web\u00bb) appartient \u00e0 FRUTAS CONDISO SL, B-30555437, ayant son si\u00e8ge social \u00e0 Camino del Reguer\u00f3n, s\/n 30580 Alquer\u00edas (Murcia). FRUTAS CONDISO SL vous souhaite la bienvenue et vous invite \u00e0 lire attentivement les Conditions g\u00e9n\u00e9rales d&#8217;utilisation de ce site Web (ci-apr\u00e8s, les \u00abConditions g\u00e9n\u00e9rales d&#8217;utilisation\u00bb) qui [&hellip;]<\/p>\n","protected":false},"author":1,"featured_media":0,"parent":0,"menu_order":0,"comment_status":"closed","ping_status":"closed","template":"","meta":{"_et_pb_use_builder":"on","_et_pb_old_content":"<!-- wp:divi\/placeholder \/-->","_et_gb_content_width":""},"_links":{"self":[{"href":"https:\/\/frutascondiso.es\/fr\/wp-json\/wp\/v2\/pages\/80"}],"collection":[{"href":"https:\/\/frutascondiso.es\/fr\/wp-json\/wp\/v2\/pages"}],"about":[{"href":"https:\/\/frutascondiso.es\/fr\/wp-json\/wp\/v2\/types\/page"}],"author":[{"embeddable":true,"href":"https:\/\/frutascondiso.es\/fr\/wp-json\/wp\/v2\/users\/1"}],"replies":[{"embeddable":true,"href":"https:\/\/frutascondiso.es\/fr\/wp-json\/wp\/v2\/comments?post=80"}],"version-history":[{"count":3,"href":"https:\/\/frutascondiso.es\/fr\/wp-json\/wp\/v2\/pages\/80\/revisions"}],"predecessor-version":[{"id":143,"href":"https:\/\/frutascondiso.es\/fr\/wp-json\/wp\/v2\/pages\/80\/revisions\/143"}],"wp:attachment":[{"href":"https:\/\/frutascondiso.es\/fr\/wp-json\/wp\/v2\/media?parent=80"}],"curies":[{"name":"wp","href":"https:\/\/api.w.org\/{rel}","templated":true}]}}