{"id":82,"date":"2019-10-19T15:48:40","date_gmt":"2019-10-19T13:48:40","guid":{"rendered":"https:\/\/frutascondiso.es\/fr\/?page_id=82"},"modified":"2019-11-07T12:09:05","modified_gmt":"2019-11-07T11:09:05","slug":"cookies-politique","status":"publish","type":"page","link":"https:\/\/frutascondiso.es\/fr\/cookies-politique\/","title":{"rendered":"POLITIQUE DE COOKIES"},"content":{"rendered":"<p>[et_pb_section fb_built=\u00bb1&#8243; _builder_version=\u00bb3.29.3&#8243; fb_built=\u00bb1&#8243; _i=\u00bb0&#8243; _address=\u00bb0&#8243;][et_pb_row _builder_version=\u00bb3.29.3&#8243; _i=\u00bb0&#8243; _address=\u00bb0.0&#8243;][et_pb_column type=\u00bb4_4&#8243; _builder_version=\u00bb3.29.3&#8243; _i=\u00bb0&#8243; _address=\u00bb0.0.0&#8243;][et_pb_text _builder_version=\u00bb3.29.3&#8243; hover_enabled=\u00bb0&#8243; _i=\u00bb0&#8243; _address=\u00bb0.0.0.0&#8243;]<\/p>\n<h1 style=\"text-align: center;\"><span>COOKIES POLITIQUE<\/span><\/h1>\n<p><span><\/span><\/p>\n<p>Utilisation de cookies sur les sites Web et les applications de FRUTAS CONDISO SL.<\/p>\n<p>Conform\u00e9ment \u00e0 la loi n \u00b0 34\/2002 du 11 juillet sur les services de la soci\u00e9t\u00e9 de l&#8217;information et le commerce \u00e9lectronique, nous vous informons de l&#8217;utilisation de cookies sur le Web afin de faciliter et d&#8217;am\u00e9liorer la navigation des utilisateurs. o\u00f9 vous avez navigu\u00e9 sur le site Web, votre nom d&#8217;utilisateur lors de votre inscription, vos pr\u00e9f\u00e9rences et param\u00e8tres d&#8217;affichage, et offrant \u00e0 chaque utilisateur des informations pouvant pr\u00e9senter un int\u00e9r\u00eat.<\/p>\n<p>Que sont les cookies?<\/p>\n<p>Un cookie est un fichier t\u00e9l\u00e9charg\u00e9 sur votre ordinateur ou sur l&#8217;appareil que vous utilisez (smartphone, tablette, t\u00e9l\u00e9viseur connect\u00e9 &#8230;) lors de l&#8217;acc\u00e8s \u00e0 certaines pages Web ou applications. Les cookies permettent entre autres de collecter des informations statistiques, de faciliter certaines fonctionnalit\u00e9s techniques, de stocker et de r\u00e9cup\u00e9rer des informations sur les habitudes de navigation ou les pr\u00e9f\u00e9rences d&#8217;un utilisateur ou de son \u00e9quipement et, en fonction des informations qu&#8217;ils contiennent et de la mani\u00e8re dont ils utilisent Votre \u00e9quipement peut \u00eatre utilis\u00e9 pour reconna\u00eetre l&#8217;utilisateur.<\/p>\n<p>[\/et_pb_text][et_pb_text _builder_version=\u00bb3.29.3&#8243; hover_enabled=\u00bb0&#8243;]<\/p>\n<p>Un cookie est stock\u00e9 sur un ordinateur afin d\u2019identifier le navigateur lors de ses interactions avec nos sites Web ou applications. Un site Web peut d\u00e9finir un cookie dans le navigateur si ses pr\u00e9f\u00e9rences le permettent. Un navigateur permet uniquement \u00e0 un site Web d&#8217;acc\u00e9der aux cookies qu&#8217;il installe, pas \u00e0 ceux \u00e9tablis par d&#8217;autres sites. Des cookies tiers sont utilis\u00e9s sur les sites Web. Ils permettent de collecter des donn\u00e9es statistiques anonymes sur les visites re\u00e7ues, afin de garder une trace des campagnes publicitaires en cours au moment de la visite.<\/p>\n<p>Pourquoi les cookies sont-ils importants?<\/p>\n<p>FRUTAS CONDISO SL utilise ces cookies pour a) des raisons op\u00e9rationnelles: \u00e9quilibr\u00e9 et limitation du trafic en tant que m\u00e9thode d\u2019assurance de service; b) pour une facilit\u00e9 d&#8217;utilisation: simplifiez et acc\u00e9l\u00e9rez la navigation sur les sites Web et les applications, en m\u00e9morisant par exemple certains aspects de l&#8217;utilisateur, tels que votre langue, votre pays, votre navigateur, etc. Certains cookies sont indispensables \u00e0 l&#8217;utilisation des services Web.<\/p>\n<p>[\/et_pb_text][et_pb_text _builder_version=\u00bb3.29.3&#8243; hover_enabled=\u00bb0&#8243;]<\/p>\n<p>FRUTAS CONDISO SL ne peut en aucun cas enregistrer les activit\u00e9s que l&#8217;utilisateur effectue sur le r\u00e9seau ou en \u00e9laborer des profils.<\/p>\n<p>Types de cookies utilis\u00e9s par FRUTAS CONDISO SL.<\/p>\n<p>Cookies techniques: pour aider \u00e0 am\u00e9liorer la qualit\u00e9 de notre service, y compris le stockage des pr\u00e9f\u00e9rences de l&#8217;utilisateur, l&#8217;am\u00e9lioration de la s\u00e9lection des recherches pr\u00e9sent\u00e9es, des r\u00e9sultats de la recherche, ainsi que le suivi des tendances de l&#8217;utilisateur. Les cookies sont \u00e9galement utilis\u00e9s dans les supports publicitaires pour aider les annonceurs \u00e0 g\u00e9rer leurs publicit\u00e9s via le Web.<\/p>\n<p>Cookies statistiques: collectent des informations sur la date de la visite, l\u2019URL et le titre de la page Web visit\u00e9e. Les rapports g\u00e9n\u00e9r\u00e9s avec ces informations seront purement statistiques et donneront des informations sur le comportement de navigation de mani\u00e8re anonyme.<\/p>\n<p>Cookies de session: enregistrer les informations de type d&#8217;utilisateur sur le Web<\/p>\n<p>https:\/\/frutascondiso.es, en enregistrant le pseudo de l&#8217;utilisateur pour \u00e9viter de l&#8217;introduire page par page, les informations crypt\u00e9es et les informations sur les favoris de l&#8217;utilisateur sont \u00e9galement enregistr\u00e9es.<\/p>\n<p>Cookies analytiques: ils sont utilis\u00e9s pour suivre le moteur de recherche \u00e0 partir duquel le Web a \u00e9t\u00e9 visit\u00e9 et quels termes de recherche ont \u00e9t\u00e9 utilis\u00e9s pour le trouver, calculer le temps pass\u00e9 sur le Web \u00e0 chaque session et le nombre de fois que l&#8217;utilisateur Vous avez visit\u00e9 la page. En fonction de l&#8217;entit\u00e9 qui g\u00e8re les cookies, ils peuvent \u00eatre leurs propres (g\u00e9r\u00e9s par (FRUTAS CONDISO SL) ou des fournisseurs tiers de services techniques, analytiques ou statistiques ayant pour objet de fournir de la publicit\u00e9 sur nos sites et applications, afin de vous aider. Les annonceurs g\u00e8rent leurs publicit\u00e9s via le Web ou am\u00e9liorent leurs services, tels que des liens vers des r\u00e9seaux sociaux nous permettant de partager notre contenu.<\/p>\n<p>Ensuite, les tiers avec lesquels https:\/\/frutascondiso.es a des accords pour la gestion de services de publicit\u00e9 et qui g\u00e8rent les cookies par le biais de nos sites Web, ainsi que leur objectif, sont d\u00e9taill\u00e9s.<\/p>\n<p>Ces soci\u00e9t\u00e9s ont leurs propres politiques de confidentialit\u00e9, qui peuvent \u00eatre trouv\u00e9es aux liens suivants:<\/p>\n<p><span>Google -https:\/\/www.google.com\/intl\/es_es\/policies\/privacy &#8211;\u00a0Gestion publicitaire, technique et statistique.<\/span><\/p>\n<p><span>Adobe Analytics -https:\/\/www.adobe.com\/es\/solutions\/digital-analytics.html \u2013\u00a0Statistique.<\/span><\/p>\n<p>Types de cookies dus<\/p>\n<p>Les cookies utilis\u00e9s dans FRUTAS CONDISO SL.<\/p>\n<p>Ils peuvent avoir les types d\u2019\u00e9ch\u00e9ance suivants:<\/p>\n<p>Session: due une fois que l&#8217;utilisateur quitte la session.<br \/>Service Relatif \u00e0 tout service personnalis\u00e9 sur le site, avec une expiration inf\u00e9rieure \u00e0 vingt-quatre heures (24h).<br \/>Persistantes: elles sont install\u00e9es de mani\u00e8re permanente dans votre navigateur et sont activ\u00e9es chaque fois que vous visitez le site, \u00e0 condition que son utilisation ne soit pas d\u00e9sactiv\u00e9e.<\/p>\n<p>Param\u00e8tres des cookies et r\u00e9vocation du consentement<\/p>\n<p>Vous pouvez g\u00e9rer les cookies via la configuration de votre navigateur ou de votre appareil. Si vous d\u00e9cidez de les bloquer, il est possible que certains services n\u00e9cessitant leur utilisation ne soient pas disponibles.<\/p>\n<p>Vous pouvez effectuer la gestion des cookies dans les emplacements suivants des navigateurs les plus populaires:<\/p>\n<ul>\n<li>Internet Explorer: Outils -&gt; Options Internet -&gt; Confidentialit\u00e9 -&gt; Param\u00e8tres.<br \/>Pour plus d&#8217;informations, vous pouvez consulter le support technique Microsoft ou l&#8217;aide du navigateur.<\/li>\n<li>Firefox: Outils -&gt; Options -&gt; Confidentialit\u00e9 -&gt; Historique&gt; Param\u00e8tres<br \/>Personnalis\u00e9. Pour plus d\u2019informations, vous pouvez consulter le support de Mozilla ou l\u2019Aide de navigateur.<\/li>\n<li>Chrome: Param\u00e8tres -&gt; Afficher les options avanc\u00e9es -&gt; Confidentialit\u00e9 &#8211;<br \/>&gt; Param\u00e8tres de contenu. Pour plus d&#8217;informations, vous pouvez consulter l&#8217;assistance Google ou l&#8217;aide de navigateur.<\/li>\n<li>Safari: Pr\u00e9f\u00e9rences -&gt; S\u00e9curit\u00e9.<br \/>Pour plus d&#8217;informations, vous pouvez consulter l&#8217;assistance Apple ou l&#8217;aide de navigateur.<\/li>\n<\/ul>\n<p>Enfin, vous pouvez acc\u00e9der au portail Vos choix en ligne o\u00f9, en plus de rechercher des informations utiles, vous pouvez configurer, fournisseur par fournisseur, vos pr\u00e9f\u00e9rences en mati\u00e8re de cookies publicitaires tiers.<\/p>\n<p>Acceptation des cookies<\/p>\n<p>Si vous continuez \u00e0 naviguer une fois inform\u00e9s de la politique en mati\u00e8re de cookies, nous comprenons que vous acceptez l&#8217;utilisation de cookies par le site Web et les applications. Toutefois, si vous le souhaitez, vous pouvez modifier les param\u00e8tres des cookies \u00e0 tout moment, en configurant votre navigateur pour accepter ou non les cookies que vous recevez ou pour que le navigateur vous avertisse lorsqu&#8217;un serveur souhaite enregistrer un cookie. Nous vous informons qu&#8217;en cas de blocage ou d&#8217;acceptation de l&#8217;installation de cookies, il est possible que certains services ne soient pas disponibles sans leur utilisation ou que vous ne puissiez pas acc\u00e9der \u00e0 certains services ou tirer pleinement parti de tout ce que nos sites et applications vous offrent. offre<\/p>\n<p>Outre l&#8217;utilisation de nos propres cookies, FRUTAS CONDISO SL permet \u00e0 des tiers de cr\u00e9er des cookies et d&#8217;acc\u00e9der \u00e0 ceux-ci sur votre ordinateur. Le consentement de l&#8217;utilisation des cookies de ces soci\u00e9t\u00e9s est li\u00e9 \u00e0 la navigation sur ce site.<\/p>\n<p>FRUTAS CONDISO SL vous remercie d&#8217;avoir consenti \u00e0 l&#8217;acceptation des cookies. Cela nous aide \u00e0 obtenir des donn\u00e9es plus pr\u00e9cises nous permettant d&#8217;am\u00e9liorer le contenu et la conception de nos sites Web et de nos applications pour les adapter \u00e0 vos pr\u00e9f\u00e9rences.<\/p>\n<p>Dans le cas o\u00f9 FRUTAS CONDISO SL fournit un type de service sp\u00e9cial dans lequel il d\u00e9termine des dispositions sp\u00e9cifiques diff\u00e9rentes de celles relatives \u00e0 la protection des donn\u00e9es \u00e0 caract\u00e8re personnel et \u00e0 l\u2019utilisation des cookies, les r\u00e8gles particuli\u00e8res indiqu\u00e9es pour ce service pr\u00e9valent. pr\u00e9sent.<\/p>\n<p>Lorsque vous acc\u00e9dez \u00e0 ce site Web ou \u00e0 cette application pour la premi\u00e8re fois, vous verrez une fen\u00eatre dans laquelle vous \u00eates inform\u00e9 de l&#8217;utilisation des cookies et o\u00f9 vous pouvez consulter cette \u00abPolitique de cookies\u00bb. Si vous consentez \u00e0 l&#8217;utilisation de cookies, continuez \u00e0 naviguer ou cliquez sur un lien, il est entendu que vous avez consenti \u00e0 notre politique de cookies et donc \u00e0 l&#8217;installation de cookies sur votre ordinateur ou votre appareil.<\/p>\n<p><span><\/span><\/p>\n<p>[\/et_pb_text][\/et_pb_column][\/et_pb_row][\/et_pb_section]<\/p>\n","protected":false},"excerpt":{"rendered":"<p>COOKIES POLITIQUE Utilisation de cookies sur les sites Web et les applications de FRUTAS CONDISO SL. Conform\u00e9ment \u00e0 la loi n \u00b0 34\/2002 du 11 juillet sur les services de la soci\u00e9t\u00e9 de l&#8217;information et le commerce \u00e9lectronique, nous vous informons de l&#8217;utilisation de cookies sur le Web afin de faciliter et d&#8217;am\u00e9liorer la navigation [&hellip;]<\/p>\n","protected":false},"author":1,"featured_media":0,"parent":0,"menu_order":0,"comment_status":"closed","ping_status":"closed","template":"","meta":{"_et_pb_use_builder":"on","_et_pb_old_content":"<!-- wp:divi\/placeholder \/-->","_et_gb_content_width":""},"_links":{"self":[{"href":"https:\/\/frutascondiso.es\/fr\/wp-json\/wp\/v2\/pages\/82"}],"collection":[{"href":"https:\/\/frutascondiso.es\/fr\/wp-json\/wp\/v2\/pages"}],"about":[{"href":"https:\/\/frutascondiso.es\/fr\/wp-json\/wp\/v2\/types\/page"}],"author":[{"embeddable":true,"href":"https:\/\/frutascondiso.es\/fr\/wp-json\/wp\/v2\/users\/1"}],"replies":[{"embeddable":true,"href":"https:\/\/frutascondiso.es\/fr\/wp-json\/wp\/v2\/comments?post=82"}],"version-history":[{"count":3,"href":"https:\/\/frutascondiso.es\/fr\/wp-json\/wp\/v2\/pages\/82\/revisions"}],"predecessor-version":[{"id":145,"href":"https:\/\/frutascondiso.es\/fr\/wp-json\/wp\/v2\/pages\/82\/revisions\/145"}],"wp:attachment":[{"href":"https:\/\/frutascondiso.es\/fr\/wp-json\/wp\/v2\/media?parent=82"}],"curies":[{"name":"wp","href":"https:\/\/api.w.org\/{rel}","templated":true}]}}